{"id":3773,"date":"2025-07-08T15:23:34","date_gmt":"2025-07-08T15:23:34","guid":{"rendered":"https:\/\/doreytiles.pt\/?post_type=product&#038;p=3773"},"modified":"2025-07-11T09:19:56","modified_gmt":"2025-07-11T09:19:56","slug":"nossa-senhora-da-penha-de-franca-sec-xviii","status":"publish","type":"product","link":"https:\/\/doreytiles.pt\/pt-pt\/product\/nossa-senhora-da-penha-de-franca-sec-xviii\/","title":{"rendered":"Nossa Senhora da Penha de Fran\u00e7a, s\u00e9c. XVIII"},"content":{"rendered":"<p>\u00c9poca: Segunda metade s\u00e9c. XVIII<\/p>\n<pre><\/pre>\n<p>Dimens\u00f5es: 98 cm\u00a0 x 70 cm<\/p>\n<pre><\/pre>\n<p>Painel de azulejos representando a Nossa Senhora da Penha de Fran\u00e7a, iconografia religiosa popular na tradi\u00e7\u00e3o cat\u00f3lica. A Virgem, coroada, segura o Menino Jesus tamb\u00e9m coroado, ambos com vestes majestosas e aur\u00e9olas radiantes. A cercadura rococ\u00f3 policromada, rica em elementos florais e curvas ornamentais, enquadra a cena.<\/p>\n<pre><\/pre>\n<p>Pe\u00e7a \u00danica<\/p>\n","protected":false},"excerpt":{"rendered":"<p>\u00c9poca: Segunda metade s\u00e9c. XVIII Dimens\u00f5es: 98 cm\u00a0 x 70 cm Painel de azulejos representando a Nossa Senhora da Penha de Fran\u00e7a, iconografia religiosa popular na tradi\u00e7\u00e3o cat\u00f3lica. A Virgem, coroada, segura o Menino Jesus tamb\u00e9m coroado, ambos com vestes majestosas e aur\u00e9olas radiantes. A cercadura rococ\u00f3 policromada, rica em elementos florais e curvas ornamentais, [&hellip;]<\/p>\n","protected":false},"featured_media":3083,"template":"","meta":{"_acf_changed":false},"product_brand":[],"product_cat":[41,35,33,34,47],"product_tag":[38],"class_list":{"0":"post-3773","1":"product","2":"type-product","3":"status-publish","4":"has-post-thumbnail","6":"product_cat-41","7":"product_cat-amarelos","8":"product_cat-azul-e-branco","9":"product_cat-manganes","10":"product_cat-xviii","11":"product_tag-paineis-figurativos","13":"first","14":"instock","15":"shipping-taxable","16":"product-type-simple"},"acf":[],"_links":{"self":[{"href":"https:\/\/doreytiles.pt\/pt-pt\/wp-json\/wp\/v2\/product\/3773","targetHints":{"allow":["GET"]}}],"collection":[{"href":"https:\/\/doreytiles.pt\/pt-pt\/wp-json\/wp\/v2\/product"}],"about":[{"href":"https:\/\/doreytiles.pt\/pt-pt\/wp-json\/wp\/v2\/types\/product"}],"wp:featuredmedia":[{"embeddable":true,"href":"https:\/\/doreytiles.pt\/pt-pt\/wp-json\/wp\/v2\/media\/3083"}],"wp:attachment":[{"href":"https:\/\/doreytiles.pt\/pt-pt\/wp-json\/wp\/v2\/media?parent=3773"}],"wp:term":[{"taxonomy":"product_brand","embeddable":true,"href":"https:\/\/doreytiles.pt\/pt-pt\/wp-json\/wp\/v2\/product_brand?post=3773"},{"taxonomy":"product_cat","embeddable":true,"href":"https:\/\/doreytiles.pt\/pt-pt\/wp-json\/wp\/v2\/product_cat?post=3773"},{"taxonomy":"product_tag","embeddable":true,"href":"https:\/\/doreytiles.pt\/pt-pt\/wp-json\/wp\/v2\/product_tag?post=3773"}],"curies":[{"name":"wp","href":"https:\/\/api.w.org\/{rel}","templated":true}]}}