{"id":3799,"date":"2025-07-09T10:04:41","date_gmt":"2025-07-09T10:04:41","guid":{"rendered":"https:\/\/doreytiles.pt\/?post_type=product&#038;p=3799"},"modified":"2025-07-11T09:19:03","modified_gmt":"2025-07-11T09:19:03","slug":"cariatides-sec-xviii","status":"publish","type":"product","link":"https:\/\/doreytiles.pt\/pt-pt\/product\/cariatides-sec-xviii\/","title":{"rendered":"Cari\u00e1tide S\u00e9c. XVIII"},"content":{"rendered":"<p>\u00c9poca: s\u00e9c. XVIII<\/p>\n<pre><\/pre>\n<p>Dimens\u00f5es: 28 cm\u00a0 x 112 cm<\/p>\n<pre><\/pre>\n<p>Painel vertical de azulejos , pintado em tons de azul, representando uma figura feminina , com os bra\u00e7os erguidos segurando elementos florais .\u00a0 A composi\u00e7\u00e3o barroca, junta uma figura humana e decora\u00e7\u00e3o arquitet\u00f3nica, evocando elementos cl\u00e1ssicos de atlantes ou cari\u00e1tides em interpreta\u00e7\u00f5es decorativas t\u00edpicas da azulejaria portuguesa dos s\u00e9culos XVII e XVIII.<\/p>\n<pre><\/pre>\n<p>Pe\u00e7a \u00danica<\/p>\n","protected":false},"excerpt":{"rendered":"<p>\u00c9poca: s\u00e9c. XVIII Dimens\u00f5es: 28 cm\u00a0 x 112 cm Painel vertical de azulejos , pintado em tons de azul, representando uma figura feminina , com os bra\u00e7os erguidos segurando elementos florais .\u00a0 A composi\u00e7\u00e3o barroca, junta uma figura humana e decora\u00e7\u00e3o arquitet\u00f3nica, evocando elementos cl\u00e1ssicos de atlantes ou cari\u00e1tides em interpreta\u00e7\u00f5es decorativas t\u00edpicas da azulejaria [&hellip;]<\/p>\n","protected":false},"featured_media":3077,"template":"","meta":{"_acf_changed":false},"product_brand":[],"product_cat":[41,33,47],"product_tag":[38],"class_list":{"0":"post-3799","1":"product","2":"type-product","3":"status-publish","4":"has-post-thumbnail","6":"product_cat-41","7":"product_cat-azul-e-branco","8":"product_cat-xviii","9":"product_tag-paineis-figurativos","11":"first","12":"instock","13":"shipping-taxable","14":"product-type-simple"},"acf":[],"_links":{"self":[{"href":"https:\/\/doreytiles.pt\/pt-pt\/wp-json\/wp\/v2\/product\/3799","targetHints":{"allow":["GET"]}}],"collection":[{"href":"https:\/\/doreytiles.pt\/pt-pt\/wp-json\/wp\/v2\/product"}],"about":[{"href":"https:\/\/doreytiles.pt\/pt-pt\/wp-json\/wp\/v2\/types\/product"}],"wp:featuredmedia":[{"embeddable":true,"href":"https:\/\/doreytiles.pt\/pt-pt\/wp-json\/wp\/v2\/media\/3077"}],"wp:attachment":[{"href":"https:\/\/doreytiles.pt\/pt-pt\/wp-json\/wp\/v2\/media?parent=3799"}],"wp:term":[{"taxonomy":"product_brand","embeddable":true,"href":"https:\/\/doreytiles.pt\/pt-pt\/wp-json\/wp\/v2\/product_brand?post=3799"},{"taxonomy":"product_cat","embeddable":true,"href":"https:\/\/doreytiles.pt\/pt-pt\/wp-json\/wp\/v2\/product_cat?post=3799"},{"taxonomy":"product_tag","embeddable":true,"href":"https:\/\/doreytiles.pt\/pt-pt\/wp-json\/wp\/v2\/product_tag?post=3799"}],"curies":[{"name":"wp","href":"https:\/\/api.w.org\/{rel}","templated":true}]}}