{"id":3956,"date":"2025-07-16T15:35:56","date_gmt":"2025-07-16T15:35:56","guid":{"rendered":"https:\/\/doreytiles.pt\/?post_type=product&#038;p=3956"},"modified":"2025-07-18T10:30:57","modified_gmt":"2025-07-18T10:30:57","slug":"venus-fabrica-do-rato","status":"publish","type":"product","link":"https:\/\/doreytiles.pt\/pt-pt\/product\/venus-fabrica-do-rato\/","title":{"rendered":"V\u00e9nus, F\u00e1brica do Rato"},"content":{"rendered":"<p>\u00c9poca: S\u00e9culo XIX<\/p>\n<pre><\/pre>\n<p>Dimens\u00f5es: 91 cm de altura<\/p>\n<pre><\/pre>\n<article class=\"text-token-text-primary w-full\" dir=\"auto\" data-testid=\"conversation-turn-2\" data-scroll-anchor=\"true\">\n<div class=\"text-base my-auto mx-auto pb-10 [--thread-content-margin:--spacing(4)] @[37rem]:[--thread-content-margin:--spacing(6)] @[72rem]:[--thread-content-margin:--spacing(16)] px-(--thread-content-margin)\">\n<div class=\"[--thread-content-max-width:32rem] @[34rem]:[--thread-content-max-width:40rem] @[64rem]:[--thread-content-max-width:48rem] mx-auto flex max-w-(--thread-content-max-width) flex-1 text-base gap-4 md:gap-5 lg:gap-6 group\/turn-messages focus-visible:outline-hidden\" tabindex=\"-1\">\n<div class=\"group\/conversation-turn relative flex w-full min-w-0 flex-col agent-turn\">\n<div class=\"relative flex-col gap-1 md:gap-3\">\n<div class=\"flex max-w-full flex-col grow\">\n<div class=\"min-h-8 text-message relative flex w-full flex-col items-end gap-2 text-start break-words whitespace-normal [.text-message+&amp;]:mt-5\" dir=\"auto\" data-message-author-role=\"assistant\" data-message-id=\"f14747b8-bfeb-40e3-8c9c-a89b76798007\" data-message-model-slug=\"gpt-4o\">\n<div class=\"flex w-full flex-col gap-1 empty:hidden first:pt-[3px]\">\n<div class=\"markdown prose dark:prose-invert w-full break-words light\">A Real F\u00e1brica de Lou\u00e7a do Rato, foi fundada em 1767 pelo Marqu\u00eas de Pombal. S\u00edmbolo da pol\u00edtica industrial do Ministro do Rei, esta f\u00e1brica produziu in\u00fameras pe\u00e7as de cer\u00e2mica, sendo esta est\u00e1tua um dos in\u00fameros exemplos sobreviventes do tempo. Esta est\u00e1tua em faian\u00e7a dos finais do s\u00e9culo XVIII, marca o in\u00edcio do per\u00edodo neocl\u00e1ssico da F\u00e1brica, onde se voltaram a representar temas neo-pag\u00e3os, por exemplo os antigos deuses greco-romanos, como neste caso V\u00e9nus, desde sempre o estere\u00f3tipo da beleza feminina, deusa do amor e da fertilidade, \u00e9 comumente representada nua com a barriga protuberante, como se pode observar nesta obra.<\/div>\n<\/div>\n<\/div>\n<\/div>\n<\/div>\n<\/div>\n<\/div>\n<\/div>\n<\/article>\n<p>&nbsp;<\/p>\n<p>&nbsp;<\/p>\n","protected":false},"excerpt":{"rendered":"<p>\u00c9poca: S\u00e9culo XIX Dimens\u00f5es: 91 cm de altura A Real F\u00e1brica de Lou\u00e7a do Rato, foi fundada em 1767 pelo Marqu\u00eas de Pombal. S\u00edmbolo da pol\u00edtica industrial do Ministro do Rei, esta f\u00e1brica produziu in\u00fameras pe\u00e7as de cer\u00e2mica, sendo esta est\u00e1tua um dos in\u00fameros exemplos sobreviventes do tempo. Esta est\u00e1tua em faian\u00e7a dos finais do [&hellip;]<\/p>\n","protected":false},"featured_media":2945,"template":"","meta":{"_acf_changed":false},"product_brand":[],"product_cat":[42],"product_tag":[59,58],"class_list":{"0":"post-3956","1":"product","2":"type-product","3":"status-publish","4":"has-post-thumbnail","6":"product_cat-42","7":"product_tag-faianca","8":"product_tag-pecas-de-colecao","10":"first","11":"instock","12":"shipping-taxable","13":"product-type-simple"},"acf":[],"_links":{"self":[{"href":"https:\/\/doreytiles.pt\/pt-pt\/wp-json\/wp\/v2\/product\/3956","targetHints":{"allow":["GET"]}}],"collection":[{"href":"https:\/\/doreytiles.pt\/pt-pt\/wp-json\/wp\/v2\/product"}],"about":[{"href":"https:\/\/doreytiles.pt\/pt-pt\/wp-json\/wp\/v2\/types\/product"}],"wp:featuredmedia":[{"embeddable":true,"href":"https:\/\/doreytiles.pt\/pt-pt\/wp-json\/wp\/v2\/media\/2945"}],"wp:attachment":[{"href":"https:\/\/doreytiles.pt\/pt-pt\/wp-json\/wp\/v2\/media?parent=3956"}],"wp:term":[{"taxonomy":"product_brand","embeddable":true,"href":"https:\/\/doreytiles.pt\/pt-pt\/wp-json\/wp\/v2\/product_brand?post=3956"},{"taxonomy":"product_cat","embeddable":true,"href":"https:\/\/doreytiles.pt\/pt-pt\/wp-json\/wp\/v2\/product_cat?post=3956"},{"taxonomy":"product_tag","embeddable":true,"href":"https:\/\/doreytiles.pt\/pt-pt\/wp-json\/wp\/v2\/product_tag?post=3956"}],"curies":[{"name":"wp","href":"https:\/\/api.w.org\/{rel}","templated":true}]}}