{"id":3982,"date":"2025-07-17T14:53:40","date_gmt":"2025-07-17T14:53:40","guid":{"rendered":"https:\/\/doreytiles.pt\/?post_type=product&#038;p=3982"},"modified":"2025-07-18T09:45:44","modified_gmt":"2025-07-18T09:45:44","slug":"painel-penitencia","status":"publish","type":"product","link":"https:\/\/doreytiles.pt\/pt-pt\/product\/painel-penitencia\/","title":{"rendered":"Painel &#8220;Penitencia&#8221;"},"content":{"rendered":"<p>\u00c9poca: S\u00e9culo XVIII<\/p>\n<pre><\/pre>\n<p>Dimens\u00f5es: 90 x 92 cm<\/p>\n<pre><\/pre>\n<article class=\"text-token-text-primary w-full\" dir=\"auto\" data-testid=\"conversation-turn-2\" data-scroll-anchor=\"true\">\n<div class=\"text-base my-auto mx-auto pb-10 [--thread-content-margin:--spacing(4)] @[37rem]:[--thread-content-margin:--spacing(6)] @[72rem]:[--thread-content-margin:--spacing(16)] px-(--thread-content-margin)\">\n<div class=\"[--thread-content-max-width:32rem] @[34rem]:[--thread-content-max-width:40rem] @[64rem]:[--thread-content-max-width:48rem] mx-auto flex max-w-(--thread-content-max-width) flex-1 text-base gap-4 md:gap-5 lg:gap-6 group\/turn-messages focus-visible:outline-hidden\" tabindex=\"-1\">\n<div class=\"group\/conversation-turn relative flex w-full min-w-0 flex-col agent-turn\">\n<div class=\"relative flex-col gap-1 md:gap-3\">\n<div class=\"flex max-w-full flex-col grow\">\n<div class=\"min-h-8 text-message relative flex w-full flex-col items-end gap-2 text-start break-words whitespace-normal [.text-message+&amp;]:mt-5\" dir=\"auto\" data-message-author-role=\"assistant\" data-message-id=\"f14747b8-bfeb-40e3-8c9c-a89b76798007\" data-message-model-slug=\"gpt-4o\">\n<div class=\"flex w-full flex-col gap-1 empty:hidden first:pt-[3px]\">\n<div class=\"markdown prose dark:prose-invert w-full break-words light\">\n<p data-start=\"0\" data-end=\"428\" data-is-last-node=\"\" data-is-only-node=\"\">Este painel de azulejos do s\u00e9culo XVIII representa o ato de penitencia. Ao centro, v\u00ea-se um chicote, s\u00edmbolo da dor que deve ser sofrida pela absolvi\u00e7\u00e3o dos nossos pecados. Abaixo, est\u00e1 inscrita a palavra &#8220;Penitencia&#8221;. O painel \u00e9 composto por azulejos pintados a azul sobre branco e apresenta elementos decorativos em forma de volutas e conchas. \u00c9 uma pe\u00e7a de arte religiosa usada para lembrar o arrependimento e o perd\u00e3o.<\/p>\n<\/div>\n<\/div>\n<\/div>\n<\/div>\n<\/div>\n<\/div>\n<\/div>\n<\/div>\n<\/article>\n<p>&nbsp;<\/p>\n<p>&nbsp;<\/p>\n","protected":false},"excerpt":{"rendered":"<p>\u00c9poca: S\u00e9culo XVIII Dimens\u00f5es: 90 x 92 cm Este painel de azulejos do s\u00e9culo XVIII representa o ato de penitencia. Ao centro, v\u00ea-se um chicote, s\u00edmbolo da dor que deve ser sofrida pela absolvi\u00e7\u00e3o dos nossos pecados. Abaixo, est\u00e1 inscrita a palavra &#8220;Penitencia&#8221;. O painel \u00e9 composto por azulejos pintados a azul sobre branco e [&hellip;]<\/p>\n","protected":false},"featured_media":3087,"template":"","meta":{"_acf_changed":false},"product_brand":[],"product_cat":[41,33,47],"product_tag":[38],"class_list":{"0":"post-3982","1":"product","2":"type-product","3":"status-publish","4":"has-post-thumbnail","6":"product_cat-41","7":"product_cat-azul-e-branco","8":"product_cat-xviii","9":"product_tag-paineis-figurativos","11":"first","12":"instock","13":"shipping-taxable","14":"product-type-simple"},"acf":[],"_links":{"self":[{"href":"https:\/\/doreytiles.pt\/pt-pt\/wp-json\/wp\/v2\/product\/3982","targetHints":{"allow":["GET"]}}],"collection":[{"href":"https:\/\/doreytiles.pt\/pt-pt\/wp-json\/wp\/v2\/product"}],"about":[{"href":"https:\/\/doreytiles.pt\/pt-pt\/wp-json\/wp\/v2\/types\/product"}],"wp:featuredmedia":[{"embeddable":true,"href":"https:\/\/doreytiles.pt\/pt-pt\/wp-json\/wp\/v2\/media\/3087"}],"wp:attachment":[{"href":"https:\/\/doreytiles.pt\/pt-pt\/wp-json\/wp\/v2\/media?parent=3982"}],"wp:term":[{"taxonomy":"product_brand","embeddable":true,"href":"https:\/\/doreytiles.pt\/pt-pt\/wp-json\/wp\/v2\/product_brand?post=3982"},{"taxonomy":"product_cat","embeddable":true,"href":"https:\/\/doreytiles.pt\/pt-pt\/wp-json\/wp\/v2\/product_cat?post=3982"},{"taxonomy":"product_tag","embeddable":true,"href":"https:\/\/doreytiles.pt\/pt-pt\/wp-json\/wp\/v2\/product_tag?post=3982"}],"curies":[{"name":"wp","href":"https:\/\/api.w.org\/{rel}","templated":true}]}}