{"id":4076,"date":"2025-07-21T11:39:01","date_gmt":"2025-07-21T11:39:01","guid":{"rendered":"https:\/\/doreytiles.pt\/?post_type=product&#038;p=4076"},"modified":"2025-07-21T11:41:13","modified_gmt":"2025-07-21T11:41:13","slug":"quadra-azulejar-bordalo-pinheiro-4","status":"publish","type":"product","link":"https:\/\/doreytiles.pt\/pt-pt\/product\/quadra-azulejar-bordalo-pinheiro-4\/","title":{"rendered":"Quadra Azulejar, Bordalo Pinheiro (4)"},"content":{"rendered":"<p>\u00c9poca: final s\u00e9c. XIX in\u00edcio s\u00e9c. XX<\/p>\n<pre><\/pre>\n<p>Dimens\u00f5es: 28 cm\u00a0 x 28 cm (poder\u00e3o ser feitas composi\u00e7\u00f5es de outros tamanhos)<\/p>\n<pre><\/pre>\n<p>Azulejo com decora\u00e7\u00e3o relevado de inspira\u00e7\u00e3o hispano mourisca.\u00a0 Produzidos na f\u00e1brica de Cer\u00e2mica Caldas da Rainha, Bordalo Pinheiro.<\/p>\n<p>&nbsp;<\/p>\n","protected":false},"excerpt":{"rendered":"<p>\u00c9poca: final s\u00e9c. XIX in\u00edcio s\u00e9c. XX Dimens\u00f5es: 28 cm\u00a0 x 28 cm (poder\u00e3o ser feitas composi\u00e7\u00f5es de outros tamanhos) Azulejo com decora\u00e7\u00e3o relevado de inspira\u00e7\u00e3o hispano mourisca.\u00a0 Produzidos na f\u00e1brica de Cer\u00e2mica Caldas da Rainha, Bordalo Pinheiro. &nbsp;<\/p>\n","protected":false},"featured_media":3059,"template":"","meta":{"_acf_changed":false},"product_brand":[],"product_cat":[45,35,33,34,48,50],"product_tag":[57],"class_list":{"0":"post-4076","1":"product","2":"type-product","3":"status-publish","4":"has-post-thumbnail","6":"product_cat-45","7":"product_cat-amarelos","8":"product_cat-azul-e-branco","9":"product_cat-manganes","10":"product_cat-xix","11":"product_cat-xx","12":"product_tag-caldas-da-rainha","14":"first","15":"instock","16":"shipping-taxable","17":"product-type-simple"},"acf":[],"_links":{"self":[{"href":"https:\/\/doreytiles.pt\/pt-pt\/wp-json\/wp\/v2\/product\/4076","targetHints":{"allow":["GET"]}}],"collection":[{"href":"https:\/\/doreytiles.pt\/pt-pt\/wp-json\/wp\/v2\/product"}],"about":[{"href":"https:\/\/doreytiles.pt\/pt-pt\/wp-json\/wp\/v2\/types\/product"}],"wp:featuredmedia":[{"embeddable":true,"href":"https:\/\/doreytiles.pt\/pt-pt\/wp-json\/wp\/v2\/media\/3059"}],"wp:attachment":[{"href":"https:\/\/doreytiles.pt\/pt-pt\/wp-json\/wp\/v2\/media?parent=4076"}],"wp:term":[{"taxonomy":"product_brand","embeddable":true,"href":"https:\/\/doreytiles.pt\/pt-pt\/wp-json\/wp\/v2\/product_brand?post=4076"},{"taxonomy":"product_cat","embeddable":true,"href":"https:\/\/doreytiles.pt\/pt-pt\/wp-json\/wp\/v2\/product_cat?post=4076"},{"taxonomy":"product_tag","embeddable":true,"href":"https:\/\/doreytiles.pt\/pt-pt\/wp-json\/wp\/v2\/product_tag?post=4076"}],"curies":[{"name":"wp","href":"https:\/\/api.w.org\/{rel}","templated":true}]}}