{"id":4079,"date":"2025-07-21T11:43:24","date_gmt":"2025-07-21T11:43:24","guid":{"rendered":"https:\/\/doreytiles.pt\/?post_type=product&#038;p=4079"},"modified":"2025-07-21T11:53:53","modified_gmt":"2025-07-21T11:53:53","slug":"composicao-azulejar-jorge-barradas-1","status":"publish","type":"product","link":"https:\/\/doreytiles.pt\/pt-pt\/product\/composicao-azulejar-jorge-barradas-1\/","title":{"rendered":"Composi\u00e7\u00e3o Azulejar, Jorge Barradas (1)"},"content":{"rendered":"<p>\u00c9poca: s\u00e9c. XX<\/p>\n<pre><\/pre>\n<p>Dimens\u00f5es: 106 cm\u00a0 x 48 cm<\/p>\n<pre><\/pre>\n<p><span style=\"font-weight: 400;\">Painel de azulejos, da autoria de Jorge Barradas, apresenta um design ornamental vibrante, caracter\u00edstico do estilo contempor\u00e2neo da azulejaria portuguesa. Sobre o fundo branco, destaca-se uma composi\u00e7\u00e3o sim\u00e9trica de elementos vegetalistas como volutas, folhas estilizadas e flores em tons de amarelo, laranja, verde e preto.<\/span><\/p>\n<p><span style=\"font-weight: 400;\">Exemplares id\u00eanticos no Museu Nogueira da Silva em Braga.<\/span><\/p>\n<p>&nbsp;<\/p>\n","protected":false},"excerpt":{"rendered":"<p>\u00c9poca: s\u00e9c. XX Dimens\u00f5es: 106 cm\u00a0 x 48 cm Painel de azulejos, da autoria de Jorge Barradas, apresenta um design ornamental vibrante, caracter\u00edstico do estilo contempor\u00e2neo da azulejaria portuguesa. Sobre o fundo branco, destaca-se uma composi\u00e7\u00e3o sim\u00e9trica de elementos vegetalistas como volutas, folhas estilizadas e flores em tons de amarelo, laranja, verde e preto. Exemplares [&hellip;]<\/p>\n","protected":false},"featured_media":3033,"template":"","meta":{"_acf_changed":false},"product_brand":[],"product_cat":[45,35,33,34,50],"product_tag":[61],"class_list":{"0":"post-4079","1":"product","2":"type-product","3":"status-publish","4":"has-post-thumbnail","6":"product_cat-45","7":"product_cat-amarelos","8":"product_cat-azul-e-branco","9":"product_cat-manganes","10":"product_cat-xx","11":"product_tag-modernismo","13":"first","14":"instock","15":"shipping-taxable","16":"product-type-simple"},"acf":[],"_links":{"self":[{"href":"https:\/\/doreytiles.pt\/pt-pt\/wp-json\/wp\/v2\/product\/4079","targetHints":{"allow":["GET"]}}],"collection":[{"href":"https:\/\/doreytiles.pt\/pt-pt\/wp-json\/wp\/v2\/product"}],"about":[{"href":"https:\/\/doreytiles.pt\/pt-pt\/wp-json\/wp\/v2\/types\/product"}],"wp:featuredmedia":[{"embeddable":true,"href":"https:\/\/doreytiles.pt\/pt-pt\/wp-json\/wp\/v2\/media\/3033"}],"wp:attachment":[{"href":"https:\/\/doreytiles.pt\/pt-pt\/wp-json\/wp\/v2\/media?parent=4079"}],"wp:term":[{"taxonomy":"product_brand","embeddable":true,"href":"https:\/\/doreytiles.pt\/pt-pt\/wp-json\/wp\/v2\/product_brand?post=4079"},{"taxonomy":"product_cat","embeddable":true,"href":"https:\/\/doreytiles.pt\/pt-pt\/wp-json\/wp\/v2\/product_cat?post=4079"},{"taxonomy":"product_tag","embeddable":true,"href":"https:\/\/doreytiles.pt\/pt-pt\/wp-json\/wp\/v2\/product_tag?post=4079"}],"curies":[{"name":"wp","href":"https:\/\/api.w.org\/{rel}","templated":true}]}}