{"id":4088,"date":"2025-07-21T13:40:57","date_gmt":"2025-07-21T13:40:57","guid":{"rendered":"https:\/\/doreytiles.pt\/?post_type=product&#038;p=4088"},"modified":"2025-07-21T13:51:07","modified_gmt":"2025-07-21T13:51:07","slug":"pinha-em-ceramica-devezas","status":"publish","type":"product","link":"https:\/\/doreytiles.pt\/pt-pt\/product\/pinha-em-ceramica-devezas\/","title":{"rendered":"Pinha Em Cer\u00e2mica, Devezas"},"content":{"rendered":"<p>\u00c9poca: S\u00e9culo XIX<\/p>\n<pre><\/pre>\n<p>Dimens\u00f5es: 75 x 48 cm<\/p>\n<pre><\/pre>\n<article class=\"text-token-text-primary w-full\" dir=\"auto\" data-testid=\"conversation-turn-2\" data-scroll-anchor=\"true\">\n<div class=\"text-base my-auto mx-auto pb-10 [--thread-content-margin:--spacing(4)] @[37rem]:[--thread-content-margin:--spacing(6)] @[72rem]:[--thread-content-margin:--spacing(16)] px-(--thread-content-margin)\">\n<div class=\"[--thread-content-max-width:32rem] @[34rem]:[--thread-content-max-width:40rem] @[64rem]:[--thread-content-max-width:48rem] mx-auto flex max-w-(--thread-content-max-width) flex-1 text-base gap-4 md:gap-5 lg:gap-6 group\/turn-messages focus-visible:outline-hidden\" tabindex=\"-1\">\n<div class=\"group\/conversation-turn relative flex w-full min-w-0 flex-col agent-turn\">\n<div class=\"relative flex-col gap-1 md:gap-3\">\n<div class=\"flex max-w-full flex-col grow\">\n<div class=\"min-h-8 text-message relative flex w-full flex-col items-end gap-2 text-start break-words whitespace-normal [.text-message+&amp;]:mt-5\" dir=\"auto\" data-message-author-role=\"assistant\" data-message-id=\"f14747b8-bfeb-40e3-8c9c-a89b76798007\" data-message-model-slug=\"gpt-4o\">\n<div class=\"flex w-full flex-col gap-1 empty:hidden first:pt-[3px]\">\n<div class=\"markdown prose dark:prose-invert w-full break-words light\">\n<p data-start=\"0\" data-end=\"428\" data-is-last-node=\"\" data-is-only-node=\"\">Pinha ornamental em cer\u00e2mica vidrada, com tons de azul e branco, com efeito marmoreado. Apenas existe 1 exemplar.<\/p>\n<\/div>\n<p data-start=\"0\" data-end=\"428\" data-is-last-node=\"\" data-is-only-node=\"\">Atribu\u00eddo \u00e0 f\u00e1brica das Devezas.<\/p>\n<div class=\"markdown prose dark:prose-invert w-full break-words light\">\n<pre data-start=\"0\" data-end=\"428\"><\/pre>\n<\/div>\n<p data-start=\"0\" data-end=\"428\" data-is-last-node=\"\" data-is-only-node=\"\">\n<\/div>\n<\/div>\n<\/div>\n<\/div>\n<\/div>\n<\/div>\n<\/div>\n<\/article>\n<p>&nbsp;<\/p>\n<p>&nbsp;<\/p>\n","protected":false},"excerpt":{"rendered":"<p>\u00c9poca: S\u00e9culo XIX Dimens\u00f5es: 75 x 48 cm Pinha ornamental em cer\u00e2mica vidrada, com tons de azul e branco, com efeito marmoreado. Apenas existe 1 exemplar. Atribu\u00eddo \u00e0 f\u00e1brica das Devezas. &nbsp; &nbsp;<\/p>\n","protected":false},"featured_media":3159,"template":"","meta":{"_acf_changed":false},"product_brand":[],"product_cat":[42,33,48],"product_tag":[59],"class_list":{"0":"post-4088","1":"product","2":"type-product","3":"status-publish","4":"has-post-thumbnail","6":"product_cat-42","7":"product_cat-azul-e-branco","8":"product_cat-xix","9":"product_tag-faianca","11":"first","12":"instock","13":"shipping-taxable","14":"product-type-simple"},"acf":[],"_links":{"self":[{"href":"https:\/\/doreytiles.pt\/pt-pt\/wp-json\/wp\/v2\/product\/4088","targetHints":{"allow":["GET"]}}],"collection":[{"href":"https:\/\/doreytiles.pt\/pt-pt\/wp-json\/wp\/v2\/product"}],"about":[{"href":"https:\/\/doreytiles.pt\/pt-pt\/wp-json\/wp\/v2\/types\/product"}],"wp:featuredmedia":[{"embeddable":true,"href":"https:\/\/doreytiles.pt\/pt-pt\/wp-json\/wp\/v2\/media\/3159"}],"wp:attachment":[{"href":"https:\/\/doreytiles.pt\/pt-pt\/wp-json\/wp\/v2\/media?parent=4088"}],"wp:term":[{"taxonomy":"product_brand","embeddable":true,"href":"https:\/\/doreytiles.pt\/pt-pt\/wp-json\/wp\/v2\/product_brand?post=4088"},{"taxonomy":"product_cat","embeddable":true,"href":"https:\/\/doreytiles.pt\/pt-pt\/wp-json\/wp\/v2\/product_cat?post=4088"},{"taxonomy":"product_tag","embeddable":true,"href":"https:\/\/doreytiles.pt\/pt-pt\/wp-json\/wp\/v2\/product_tag?post=4088"}],"curies":[{"name":"wp","href":"https:\/\/api.w.org\/{rel}","templated":true}]}}