{"id":4090,"date":"2025-07-21T13:59:42","date_gmt":"2025-07-21T13:59:42","guid":{"rendered":"https:\/\/doreytiles.pt\/?post_type=product&#038;p=4090"},"modified":"2025-07-21T14:03:39","modified_gmt":"2025-07-21T14:03:39","slug":"diversas-pinhas-em-ceramica","status":"publish","type":"product","link":"https:\/\/doreytiles.pt\/pt-pt\/product\/diversas-pinhas-em-ceramica\/","title":{"rendered":"Diversas Pinhas Em Cer\u00e2mica"},"content":{"rendered":"<p>\u00c9poca: S\u00e9culo XIX &#8211; in\u00edcio S\u00e9c. XX<\/p>\n<pre><\/pre>\n<p>Dimens\u00f5es: Temos dispon\u00edveis uma gama variada de Pinhas Ornamentais com diversos tamanhos<\/p>\n<pre><\/pre>\n<article class=\"text-token-text-primary w-full\" dir=\"auto\" data-testid=\"conversation-turn-2\" data-scroll-anchor=\"true\">\n<div class=\"text-base my-auto mx-auto pb-10 [--thread-content-margin:--spacing(4)] @[37rem]:[--thread-content-margin:--spacing(6)] @[72rem]:[--thread-content-margin:--spacing(16)] px-(--thread-content-margin)\">\n<div class=\"[--thread-content-max-width:32rem] @[34rem]:[--thread-content-max-width:40rem] @[64rem]:[--thread-content-max-width:48rem] mx-auto flex max-w-(--thread-content-max-width) flex-1 text-base gap-4 md:gap-5 lg:gap-6 group\/turn-messages focus-visible:outline-hidden\" tabindex=\"-1\">\n<div class=\"group\/conversation-turn relative flex w-full min-w-0 flex-col agent-turn\">\n<div class=\"relative flex-col gap-1 md:gap-3\">\n<div class=\"flex max-w-full flex-col grow\">\n<div class=\"min-h-8 text-message relative flex w-full flex-col items-end gap-2 text-start break-words whitespace-normal [.text-message+&amp;]:mt-5\" dir=\"auto\" data-message-author-role=\"assistant\" data-message-id=\"f14747b8-bfeb-40e3-8c9c-a89b76798007\" data-message-model-slug=\"gpt-4o\">\n<div class=\"flex w-full flex-col gap-1 empty:hidden first:pt-[3px]\">\n<div class=\"markdown prose dark:prose-invert w-full break-words light\">\n<p data-start=\"0\" data-end=\"428\" data-is-last-node=\"\" data-is-only-node=\"\">Pinhas ornamentais em cer\u00e2mica vidrada.<\/p>\n<\/div>\n<p data-start=\"0\" data-end=\"428\" data-is-last-node=\"\" data-is-only-node=\"\">\n<p data-start=\"0\" data-end=\"428\" data-is-last-node=\"\" data-is-only-node=\"\">\n<\/div>\n<\/div>\n<\/div>\n<\/div>\n<\/div>\n<\/div>\n<\/div>\n<\/article>\n<p>&nbsp;<\/p>\n<p>&nbsp;<\/p>\n","protected":false},"excerpt":{"rendered":"<p>\u00c9poca: S\u00e9culo XIX &#8211; in\u00edcio S\u00e9c. XX Dimens\u00f5es: Temos dispon\u00edveis uma gama variada de Pinhas Ornamentais com diversos tamanhos Pinhas ornamentais em cer\u00e2mica vidrada. &nbsp; &nbsp;<\/p>\n","protected":false},"featured_media":2973,"template":"","meta":{"_acf_changed":false},"product_brand":[],"product_cat":[42,44,33,48,50],"product_tag":[59],"class_list":{"0":"post-4090","1":"product","2":"type-product","3":"status-publish","4":"has-post-thumbnail","6":"product_cat-42","7":"product_cat-44","8":"product_cat-azul-e-branco","9":"product_cat-xix","10":"product_cat-xx","11":"product_tag-faianca","13":"first","14":"instock","15":"shipping-taxable","16":"product-type-simple"},"acf":[],"_links":{"self":[{"href":"https:\/\/doreytiles.pt\/pt-pt\/wp-json\/wp\/v2\/product\/4090","targetHints":{"allow":["GET"]}}],"collection":[{"href":"https:\/\/doreytiles.pt\/pt-pt\/wp-json\/wp\/v2\/product"}],"about":[{"href":"https:\/\/doreytiles.pt\/pt-pt\/wp-json\/wp\/v2\/types\/product"}],"wp:featuredmedia":[{"embeddable":true,"href":"https:\/\/doreytiles.pt\/pt-pt\/wp-json\/wp\/v2\/media\/2973"}],"wp:attachment":[{"href":"https:\/\/doreytiles.pt\/pt-pt\/wp-json\/wp\/v2\/media?parent=4090"}],"wp:term":[{"taxonomy":"product_brand","embeddable":true,"href":"https:\/\/doreytiles.pt\/pt-pt\/wp-json\/wp\/v2\/product_brand?post=4090"},{"taxonomy":"product_cat","embeddable":true,"href":"https:\/\/doreytiles.pt\/pt-pt\/wp-json\/wp\/v2\/product_cat?post=4090"},{"taxonomy":"product_tag","embeddable":true,"href":"https:\/\/doreytiles.pt\/pt-pt\/wp-json\/wp\/v2\/product_tag?post=4090"}],"curies":[{"name":"wp","href":"https:\/\/api.w.org\/{rel}","templated":true}]}}