{"id":4479,"date":"2025-07-24T11:18:52","date_gmt":"2025-07-24T11:18:52","guid":{"rendered":"https:\/\/doreytiles.pt\/?post_type=product&#038;p=4479"},"modified":"2025-07-24T22:17:57","modified_gmt":"2025-07-24T22:17:57","slug":"painel-nossa-senhora-da-conceicao","status":"publish","type":"product","link":"https:\/\/doreytiles.pt\/pt-pt\/product\/painel-nossa-senhora-da-conceicao\/","title":{"rendered":"Painel Nossa Senhora da Concei\u00e7\u00e3o, S\u00e9c XVIII"},"content":{"rendered":"<p>Per\u00edodo: meados do S\u00e9culo XVIII<\/p>\n<pre><\/pre>\n<p>Dimens\u00f5es: 182 x 140 cm<\/p>\n<pre><\/pre>\n<p>Este painel de azulejos do s\u00e9culo XVIII, representa Nossa Senhora da Concei\u00e7\u00e3o, com os seus atributos habituais, colocado sobre uma esfera (sol), e a Lua, a pisar uma serpente, s\u00edmbolos do triunfo sobre o pecado.<\/p>\n<pre><\/pre>\n","protected":false},"excerpt":{"rendered":"<p>Per\u00edodo: meados do S\u00e9culo XVIII Dimens\u00f5es: 182 x 140 cm Este painel de azulejos do s\u00e9culo XVIII, representa Nossa Senhora da Concei\u00e7\u00e3o, com os seus atributos habituais, colocado sobre uma esfera (sol), e a Lua, a pisar uma serpente, s\u00edmbolos do triunfo sobre o pecado.<\/p>\n","protected":false},"featured_media":4485,"template":"","meta":{"_acf_changed":false},"product_brand":[],"product_cat":[33,42,47],"product_tag":[38],"class_list":{"0":"post-4479","1":"product","2":"type-product","3":"status-publish","4":"has-post-thumbnail","6":"product_cat-azul-e-branco","7":"product_cat-42","8":"product_cat-xviii","9":"product_tag-paineis-figurativos","11":"first","12":"instock","13":"shipping-taxable","14":"product-type-simple"},"acf":[],"_links":{"self":[{"href":"https:\/\/doreytiles.pt\/pt-pt\/wp-json\/wp\/v2\/product\/4479","targetHints":{"allow":["GET"]}}],"collection":[{"href":"https:\/\/doreytiles.pt\/pt-pt\/wp-json\/wp\/v2\/product"}],"about":[{"href":"https:\/\/doreytiles.pt\/pt-pt\/wp-json\/wp\/v2\/types\/product"}],"wp:featuredmedia":[{"embeddable":true,"href":"https:\/\/doreytiles.pt\/pt-pt\/wp-json\/wp\/v2\/media\/4485"}],"wp:attachment":[{"href":"https:\/\/doreytiles.pt\/pt-pt\/wp-json\/wp\/v2\/media?parent=4479"}],"wp:term":[{"taxonomy":"product_brand","embeddable":true,"href":"https:\/\/doreytiles.pt\/pt-pt\/wp-json\/wp\/v2\/product_brand?post=4479"},{"taxonomy":"product_cat","embeddable":true,"href":"https:\/\/doreytiles.pt\/pt-pt\/wp-json\/wp\/v2\/product_cat?post=4479"},{"taxonomy":"product_tag","embeddable":true,"href":"https:\/\/doreytiles.pt\/pt-pt\/wp-json\/wp\/v2\/product_tag?post=4479"}],"curies":[{"name":"wp","href":"https:\/\/api.w.org\/{rel}","templated":true}]}}