{"id":4508,"date":"2025-07-24T12:12:54","date_gmt":"2025-07-24T12:12:54","guid":{"rendered":"https:\/\/doreytiles.pt\/?post_type=product&#038;p=4508"},"modified":"2025-07-24T22:17:09","modified_gmt":"2025-07-24T22:17:09","slug":"albarrada-sec-xviii-2","status":"publish","type":"product","link":"https:\/\/doreytiles.pt\/pt-pt\/product\/albarrada-sec-xviii-2\/","title":{"rendered":"Albarrada, S\u00e9c. XVIII (2)"},"content":{"rendered":"<p>Per\u00edodo: s\u00e9culo XVIII<\/p>\n<pre><\/pre>\n<p>Dimens\u00f5es: 84 x 70 cm<\/p>\n<pre><\/pre>\n<p>Painel de azulejos, datado do s\u00e9culo XVIII, composto por uma composi\u00e7\u00e3o central, uma Albarrada (vaso florido), inserida numa cercadura com decora\u00e7\u00e3o geom\u00e9trica.<\/p>\n","protected":false},"excerpt":{"rendered":"<p>Per\u00edodo: s\u00e9culo XVIII Dimens\u00f5es: 84 x 70 cm Painel de azulejos, datado do s\u00e9culo XVIII, composto por uma composi\u00e7\u00e3o central, uma Albarrada (vaso florido), inserida numa cercadura com decora\u00e7\u00e3o geom\u00e9trica.<\/p>\n","protected":false},"featured_media":4401,"template":"","meta":{"_acf_changed":false},"product_brand":[],"product_cat":[33,41,29,47],"product_tag":[53],"class_list":{"0":"post-4508","1":"product","2":"type-product","3":"status-publish","4":"has-post-thumbnail","6":"product_cat-azul-e-branco","7":"product_cat-41","8":"product_cat-cor","9":"product_cat-xviii","10":"product_tag-albarradas","12":"first","13":"instock","14":"shipping-taxable","15":"product-type-simple"},"acf":[],"_links":{"self":[{"href":"https:\/\/doreytiles.pt\/pt-pt\/wp-json\/wp\/v2\/product\/4508","targetHints":{"allow":["GET"]}}],"collection":[{"href":"https:\/\/doreytiles.pt\/pt-pt\/wp-json\/wp\/v2\/product"}],"about":[{"href":"https:\/\/doreytiles.pt\/pt-pt\/wp-json\/wp\/v2\/types\/product"}],"wp:featuredmedia":[{"embeddable":true,"href":"https:\/\/doreytiles.pt\/pt-pt\/wp-json\/wp\/v2\/media\/4401"}],"wp:attachment":[{"href":"https:\/\/doreytiles.pt\/pt-pt\/wp-json\/wp\/v2\/media?parent=4508"}],"wp:term":[{"taxonomy":"product_brand","embeddable":true,"href":"https:\/\/doreytiles.pt\/pt-pt\/wp-json\/wp\/v2\/product_brand?post=4508"},{"taxonomy":"product_cat","embeddable":true,"href":"https:\/\/doreytiles.pt\/pt-pt\/wp-json\/wp\/v2\/product_cat?post=4508"},{"taxonomy":"product_tag","embeddable":true,"href":"https:\/\/doreytiles.pt\/pt-pt\/wp-json\/wp\/v2\/product_tag?post=4508"}],"curies":[{"name":"wp","href":"https:\/\/api.w.org\/{rel}","templated":true}]}}