{"id":4533,"date":"2025-07-24T14:18:39","date_gmt":"2025-07-24T14:18:39","guid":{"rendered":"https:\/\/doreytiles.pt\/?post_type=product&#038;p=4533"},"modified":"2025-07-24T22:16:14","modified_gmt":"2025-07-24T22:16:14","slug":"painel-d-maria","status":"publish","type":"product","link":"https:\/\/doreytiles.pt\/pt-pt\/product\/painel-d-maria\/","title":{"rendered":"Painel D. Maria Flor\u00e3o_S\u00e9c. XVIII"},"content":{"rendered":"<p>Per\u00edodo: Finais do s\u00e9culo XVIII<\/p>\n<pre><\/pre>\n<p>Dimens\u00f5es: 84 x 196 cm<\/p>\n<pre><\/pre>\n<p>Painel D. Maria decorado com elementos geom\u00e9tricos, vegetalistas e concheados, a amarelo, azul, branco, mangan\u00eas e verde.<\/p>\n","protected":false},"excerpt":{"rendered":"<p>Per\u00edodo: Finais do s\u00e9culo XVIII Dimens\u00f5es: 84 x 196 cm Painel D. Maria decorado com elementos geom\u00e9tricos, vegetalistas e concheados, a amarelo, azul, branco, mangan\u00eas e verde.<\/p>\n","protected":false},"featured_media":4536,"template":"","meta":{"_acf_changed":false},"product_brand":[],"product_cat":[29,41,35,33,34,47],"product_tag":[37],"class_list":{"0":"post-4533","1":"product","2":"type-product","3":"status-publish","4":"has-post-thumbnail","6":"product_cat-cor","7":"product_cat-41","8":"product_cat-amarelos","9":"product_cat-azul-e-branco","10":"product_cat-manganes","11":"product_cat-xviii","12":"product_tag-azulejo-padrao","14":"first","15":"instock","16":"shipping-taxable","17":"product-type-simple"},"acf":[],"_links":{"self":[{"href":"https:\/\/doreytiles.pt\/pt-pt\/wp-json\/wp\/v2\/product\/4533","targetHints":{"allow":["GET"]}}],"collection":[{"href":"https:\/\/doreytiles.pt\/pt-pt\/wp-json\/wp\/v2\/product"}],"about":[{"href":"https:\/\/doreytiles.pt\/pt-pt\/wp-json\/wp\/v2\/types\/product"}],"wp:featuredmedia":[{"embeddable":true,"href":"https:\/\/doreytiles.pt\/pt-pt\/wp-json\/wp\/v2\/media\/4536"}],"wp:attachment":[{"href":"https:\/\/doreytiles.pt\/pt-pt\/wp-json\/wp\/v2\/media?parent=4533"}],"wp:term":[{"taxonomy":"product_brand","embeddable":true,"href":"https:\/\/doreytiles.pt\/pt-pt\/wp-json\/wp\/v2\/product_brand?post=4533"},{"taxonomy":"product_cat","embeddable":true,"href":"https:\/\/doreytiles.pt\/pt-pt\/wp-json\/wp\/v2\/product_cat?post=4533"},{"taxonomy":"product_tag","embeddable":true,"href":"https:\/\/doreytiles.pt\/pt-pt\/wp-json\/wp\/v2\/product_tag?post=4533"}],"curies":[{"name":"wp","href":"https:\/\/api.w.org\/{rel}","templated":true}]}}