{"id":4683,"date":"2025-07-30T14:49:45","date_gmt":"2025-07-30T14:49:45","guid":{"rendered":"https:\/\/doreytiles.pt\/?post_type=product&#038;p=4683"},"modified":"2025-08-01T09:28:51","modified_gmt":"2025-08-01T09:28:51","slug":"cercadura-dragoes_sec-xvii","status":"publish","type":"product","link":"https:\/\/doreytiles.pt\/pt-pt\/product\/cercadura-dragoes_sec-xvii\/","title":{"rendered":"Cercadura Drag\u00f5es_s\u00e9c. XVII"},"content":{"rendered":"<p>Per\u00edodo: S\u00e9c. XVII<\/p>\n<pre><\/pre>\n<p>Dimens\u00f5es: 84 x 42 cm<\/p>\n<pre><\/pre>\n<p>Cercadura com mascar\u00f5es, drag\u00f5es e figuras fant\u00e1sticas, de produ\u00e7\u00e3o atribu\u00edda aos ateliers de Lisboa, s\u00e9c. XVII.<\/p>\n","protected":false},"excerpt":{"rendered":"<p>Per\u00edodo: S\u00e9c. XVII Dimens\u00f5es: 84 x 42 cm Cercadura com mascar\u00f5es, drag\u00f5es e figuras fant\u00e1sticas, de produ\u00e7\u00e3o atribu\u00edda aos ateliers de Lisboa, s\u00e9c. XVII.<\/p>\n","protected":false},"featured_media":4463,"template":"","meta":{"_acf_changed":false},"product_brand":[],"product_cat":[35,45,33,46],"product_tag":[38],"class_list":{"0":"post-4683","1":"product","2":"type-product","3":"status-publish","4":"has-post-thumbnail","6":"product_cat-amarelos","7":"product_cat-45","8":"product_cat-azul-e-branco","9":"product_cat-xvii","10":"product_tag-paineis-figurativos","12":"first","13":"instock","14":"shipping-taxable","15":"product-type-simple"},"acf":[],"_links":{"self":[{"href":"https:\/\/doreytiles.pt\/pt-pt\/wp-json\/wp\/v2\/product\/4683","targetHints":{"allow":["GET"]}}],"collection":[{"href":"https:\/\/doreytiles.pt\/pt-pt\/wp-json\/wp\/v2\/product"}],"about":[{"href":"https:\/\/doreytiles.pt\/pt-pt\/wp-json\/wp\/v2\/types\/product"}],"wp:featuredmedia":[{"embeddable":true,"href":"https:\/\/doreytiles.pt\/pt-pt\/wp-json\/wp\/v2\/media\/4463"}],"wp:attachment":[{"href":"https:\/\/doreytiles.pt\/pt-pt\/wp-json\/wp\/v2\/media?parent=4683"}],"wp:term":[{"taxonomy":"product_brand","embeddable":true,"href":"https:\/\/doreytiles.pt\/pt-pt\/wp-json\/wp\/v2\/product_brand?post=4683"},{"taxonomy":"product_cat","embeddable":true,"href":"https:\/\/doreytiles.pt\/pt-pt\/wp-json\/wp\/v2\/product_cat?post=4683"},{"taxonomy":"product_tag","embeddable":true,"href":"https:\/\/doreytiles.pt\/pt-pt\/wp-json\/wp\/v2\/product_tag?post=4683"}],"curies":[{"name":"wp","href":"https:\/\/api.w.org\/{rel}","templated":true}]}}