{"id":4685,"date":"2025-07-30T14:56:35","date_gmt":"2025-07-30T14:56:35","guid":{"rendered":"https:\/\/doreytiles.pt\/?post_type=product&#038;p=4685"},"modified":"2025-08-01T09:28:41","modified_gmt":"2025-08-01T09:28:41","slug":"composicao-hispano-mourisca-1_sec-xvi","status":"publish","type":"product","link":"https:\/\/doreytiles.pt\/pt-pt\/product\/composicao-hispano-mourisca-1_sec-xvi\/","title":{"rendered":"Composi\u00e7\u00e3o Hispano Mourisca (2)_S\u00e9c. XVI"},"content":{"rendered":"<p>Per\u00edodo: S\u00e9c. XVI<\/p>\n<pre><\/pre>\n<p>Dimens\u00f5es: 47 x 47 cm<\/p>\n<pre><\/pre>\n<p>Composi\u00e7\u00e3o de azulejos hispano-mouriscos, datado do s\u00e9culo XV \/ XVI, com cercadura de azulejos verdes e brancos.\u00a0 A composi\u00e7\u00e3o central apresenta um padr\u00e3o de inspira\u00e7\u00e3o geom\u00e9trica, em tons de verde, azul cobalto e mangan\u00eas, t\u00edpicos da produ\u00e7\u00e3o influenciada pela tradi\u00e7\u00e3o \u00e1rabe na Pen\u00ednsula Ib\u00e9rica.<\/p>\n","protected":false},"excerpt":{"rendered":"<p>Per\u00edodo: S\u00e9c. XVI Dimens\u00f5es: 47 x 47 cm Composi\u00e7\u00e3o de azulejos hispano-mouriscos, datado do s\u00e9culo XV \/ XVI, com cercadura de azulejos verdes e brancos.\u00a0 A composi\u00e7\u00e3o central apresenta um padr\u00e3o de inspira\u00e7\u00e3o geom\u00e9trica, em tons de verde, azul cobalto e mangan\u00eas, t\u00edpicos da produ\u00e7\u00e3o influenciada pela tradi\u00e7\u00e3o \u00e1rabe na Pen\u00ednsula Ib\u00e9rica.<\/p>\n","protected":false},"featured_media":4333,"template":"","meta":{"_acf_changed":false},"product_brand":[],"product_cat":[35,44,33,34,49],"product_tag":[56],"class_list":{"0":"post-4685","1":"product","2":"type-product","3":"status-publish","4":"has-post-thumbnail","6":"product_cat-amarelos","7":"product_cat-44","8":"product_cat-azul-e-branco","9":"product_cat-manganes","10":"product_cat-xvi","11":"product_tag-hispano-mourisco","13":"first","14":"instock","15":"shipping-taxable","16":"product-type-simple"},"acf":[],"_links":{"self":[{"href":"https:\/\/doreytiles.pt\/pt-pt\/wp-json\/wp\/v2\/product\/4685","targetHints":{"allow":["GET"]}}],"collection":[{"href":"https:\/\/doreytiles.pt\/pt-pt\/wp-json\/wp\/v2\/product"}],"about":[{"href":"https:\/\/doreytiles.pt\/pt-pt\/wp-json\/wp\/v2\/types\/product"}],"wp:featuredmedia":[{"embeddable":true,"href":"https:\/\/doreytiles.pt\/pt-pt\/wp-json\/wp\/v2\/media\/4333"}],"wp:attachment":[{"href":"https:\/\/doreytiles.pt\/pt-pt\/wp-json\/wp\/v2\/media?parent=4685"}],"wp:term":[{"taxonomy":"product_brand","embeddable":true,"href":"https:\/\/doreytiles.pt\/pt-pt\/wp-json\/wp\/v2\/product_brand?post=4685"},{"taxonomy":"product_cat","embeddable":true,"href":"https:\/\/doreytiles.pt\/pt-pt\/wp-json\/wp\/v2\/product_cat?post=4685"},{"taxonomy":"product_tag","embeddable":true,"href":"https:\/\/doreytiles.pt\/pt-pt\/wp-json\/wp\/v2\/product_tag?post=4685"}],"curies":[{"name":"wp","href":"https:\/\/api.w.org\/{rel}","templated":true}]}}