{"id":4689,"date":"2025-07-30T15:12:31","date_gmt":"2025-07-30T15:12:31","guid":{"rendered":"https:\/\/doreytiles.pt\/?post_type=product&#038;p=4689"},"modified":"2025-08-01T09:28:00","modified_gmt":"2025-08-01T09:28:00","slug":"composicao-geometrica-com-cercadura-querubins_sec-xvii","status":"publish","type":"product","link":"https:\/\/doreytiles.pt\/pt-pt\/product\/composicao-geometrica-com-cercadura-querubins_sec-xvii\/","title":{"rendered":"Composi\u00e7\u00e3o Geom\u00e9trica com Cercadura Querubins_S\u00e9c. XVII"},"content":{"rendered":"<p>Per\u00edodo: S\u00e9c. XVII<\/p>\n<pre><\/pre>\n<p>Dimens\u00f5es: 84 x 56 cm<\/p>\n<pre><\/pre>\n<p>Raro painel de azulejos policromados, com decora\u00e7\u00e3o de inspira\u00e7\u00e3o renascentista. Apresenta motivos sim\u00e9tricos florais em azul, amarelo e verde sobre fundo branco, organizados em composi\u00e7\u00f5es circulares entrela\u00e7adas. A cercadura superior e inferior \u00e9 composta por cabe\u00e7as de querubins da mesma \u00e9poca.<\/p>\n","protected":false},"excerpt":{"rendered":"<p>Per\u00edodo: S\u00e9c. XVII Dimens\u00f5es: 84 x 56 cm Raro painel de azulejos policromados, com decora\u00e7\u00e3o de inspira\u00e7\u00e3o renascentista. Apresenta motivos sim\u00e9tricos florais em azul, amarelo e verde sobre fundo branco, organizados em composi\u00e7\u00f5es circulares entrela\u00e7adas. A cercadura superior e inferior \u00e9 composta por cabe\u00e7as de querubins da mesma \u00e9poca.<\/p>\n","protected":false},"featured_media":4223,"template":"","meta":{"_acf_changed":false},"product_brand":[],"product_cat":[35,44,33,46],"product_tag":[37],"class_list":{"0":"post-4689","1":"product","2":"type-product","3":"status-publish","4":"has-post-thumbnail","6":"product_cat-amarelos","7":"product_cat-44","8":"product_cat-azul-e-branco","9":"product_cat-xvii","10":"product_tag-azulejo-padrao","12":"first","13":"instock","14":"shipping-taxable","15":"product-type-simple"},"acf":[],"_links":{"self":[{"href":"https:\/\/doreytiles.pt\/pt-pt\/wp-json\/wp\/v2\/product\/4689","targetHints":{"allow":["GET"]}}],"collection":[{"href":"https:\/\/doreytiles.pt\/pt-pt\/wp-json\/wp\/v2\/product"}],"about":[{"href":"https:\/\/doreytiles.pt\/pt-pt\/wp-json\/wp\/v2\/types\/product"}],"wp:featuredmedia":[{"embeddable":true,"href":"https:\/\/doreytiles.pt\/pt-pt\/wp-json\/wp\/v2\/media\/4223"}],"wp:attachment":[{"href":"https:\/\/doreytiles.pt\/pt-pt\/wp-json\/wp\/v2\/media?parent=4689"}],"wp:term":[{"taxonomy":"product_brand","embeddable":true,"href":"https:\/\/doreytiles.pt\/pt-pt\/wp-json\/wp\/v2\/product_brand?post=4689"},{"taxonomy":"product_cat","embeddable":true,"href":"https:\/\/doreytiles.pt\/pt-pt\/wp-json\/wp\/v2\/product_cat?post=4689"},{"taxonomy":"product_tag","embeddable":true,"href":"https:\/\/doreytiles.pt\/pt-pt\/wp-json\/wp\/v2\/product_tag?post=4689"}],"curies":[{"name":"wp","href":"https:\/\/api.w.org\/{rel}","templated":true}]}}