{"id":4694,"date":"2025-07-30T16:01:37","date_gmt":"2025-07-30T16:01:37","guid":{"rendered":"https:\/\/doreytiles.pt\/?post_type=product&#038;p=4694"},"modified":"2025-08-01T09:27:50","modified_gmt":"2025-08-01T09:27:50","slug":"casal-de-musicos_sec-xviii","status":"publish","type":"product","link":"https:\/\/doreytiles.pt\/pt-pt\/product\/casal-de-musicos_sec-xviii\/","title":{"rendered":"Casal de M\u00fasicos_S\u00e9c. XVIII"},"content":{"rendered":"<p>Per\u00edodo: S\u00e9c. XVIII<\/p>\n<pre><\/pre>\n<p>Dimens\u00f5es: 56 x 56 cm<\/p>\n<pre><\/pre>\n<p>Painel de azulejos do s\u00e9c. XVIII pintado a azul e branco, com cercadura de la\u00e7aria\u00a0 emoldurando uma cena figurativa. No centro, um casal de m\u00fasicos interagem, a figura masculina com um instrumento de sopro na m\u00e3o direita e a figura feminina segura uma pandeireta.<\/p>\n","protected":false},"excerpt":{"rendered":"<p>Per\u00edodo: S\u00e9c. XVIII Dimens\u00f5es: 56 x 56 cm Painel de azulejos do s\u00e9c. XVIII pintado a azul e branco, com cercadura de la\u00e7aria\u00a0 emoldurando uma cena figurativa. No centro, um casal de m\u00fasicos interagem, a figura masculina com um instrumento de sopro na m\u00e3o direita e a figura feminina segura uma pandeireta.<\/p>\n","protected":false},"featured_media":4403,"template":"","meta":{"_acf_changed":false},"product_brand":[],"product_cat":[33,41,47],"product_tag":[38],"class_list":{"0":"post-4694","1":"product","2":"type-product","3":"status-publish","4":"has-post-thumbnail","6":"product_cat-azul-e-branco","7":"product_cat-41","8":"product_cat-xviii","9":"product_tag-paineis-figurativos","11":"first","12":"instock","13":"shipping-taxable","14":"product-type-simple"},"acf":[],"_links":{"self":[{"href":"https:\/\/doreytiles.pt\/pt-pt\/wp-json\/wp\/v2\/product\/4694","targetHints":{"allow":["GET"]}}],"collection":[{"href":"https:\/\/doreytiles.pt\/pt-pt\/wp-json\/wp\/v2\/product"}],"about":[{"href":"https:\/\/doreytiles.pt\/pt-pt\/wp-json\/wp\/v2\/types\/product"}],"wp:featuredmedia":[{"embeddable":true,"href":"https:\/\/doreytiles.pt\/pt-pt\/wp-json\/wp\/v2\/media\/4403"}],"wp:attachment":[{"href":"https:\/\/doreytiles.pt\/pt-pt\/wp-json\/wp\/v2\/media?parent=4694"}],"wp:term":[{"taxonomy":"product_brand","embeddable":true,"href":"https:\/\/doreytiles.pt\/pt-pt\/wp-json\/wp\/v2\/product_brand?post=4694"},{"taxonomy":"product_cat","embeddable":true,"href":"https:\/\/doreytiles.pt\/pt-pt\/wp-json\/wp\/v2\/product_cat?post=4694"},{"taxonomy":"product_tag","embeddable":true,"href":"https:\/\/doreytiles.pt\/pt-pt\/wp-json\/wp\/v2\/product_tag?post=4694"}],"curies":[{"name":"wp","href":"https:\/\/api.w.org\/{rel}","templated":true}]}}