{"id":4704,"date":"2025-07-31T09:45:54","date_gmt":"2025-07-31T09:45:54","guid":{"rendered":"https:\/\/doreytiles.pt\/?post_type=product&#038;p=4704"},"modified":"2025-08-01T09:27:38","modified_gmt":"2025-08-01T09:27:38","slug":"grande-painel-o-inverno-sec-xviii","status":"publish","type":"product","link":"https:\/\/doreytiles.pt\/pt-pt\/product\/grande-painel-o-inverno-sec-xviii\/","title":{"rendered":"Grande Painel, o Inverno, s\u00e9c. XVIII"},"content":{"rendered":"<p>Per\u00edodo: S\u00e9c. XVIII<\/p>\n<pre><\/pre>\n<p>Dimens\u00f5es: 294 x 112 cm<\/p>\n<pre><\/pre>\n<p>Painel de azulejos do s\u00e9c. XVIII pintado a azul e branco, com cercadura de acantos. Representa\u00e7\u00e3o da esta\u00e7\u00e3o do ano Inverno, com uma carruagem central, carregando um velho com uma crian\u00e7a. Esta cena passa-se numa paisagem invernosa, de nuvens e chuva.<\/p>\n","protected":false},"excerpt":{"rendered":"<p>Per\u00edodo: S\u00e9c. XVIII Dimens\u00f5es: 294 x 112 cm Painel de azulejos do s\u00e9c. XVIII pintado a azul e branco, com cercadura de acantos. Representa\u00e7\u00e3o da esta\u00e7\u00e3o do ano Inverno, com uma carruagem central, carregando um velho com uma crian\u00e7a. Esta cena passa-se numa paisagem invernosa, de nuvens e chuva.<\/p>\n","protected":false},"featured_media":4307,"template":"","meta":{"_acf_changed":false},"product_brand":[],"product_cat":[33,41,47],"product_tag":[38],"class_list":{"0":"post-4704","1":"product","2":"type-product","3":"status-publish","4":"has-post-thumbnail","6":"product_cat-azul-e-branco","7":"product_cat-41","8":"product_cat-xviii","9":"product_tag-paineis-figurativos","11":"first","12":"instock","13":"shipping-taxable","14":"product-type-simple"},"acf":[],"_links":{"self":[{"href":"https:\/\/doreytiles.pt\/pt-pt\/wp-json\/wp\/v2\/product\/4704","targetHints":{"allow":["GET"]}}],"collection":[{"href":"https:\/\/doreytiles.pt\/pt-pt\/wp-json\/wp\/v2\/product"}],"about":[{"href":"https:\/\/doreytiles.pt\/pt-pt\/wp-json\/wp\/v2\/types\/product"}],"wp:featuredmedia":[{"embeddable":true,"href":"https:\/\/doreytiles.pt\/pt-pt\/wp-json\/wp\/v2\/media\/4307"}],"wp:attachment":[{"href":"https:\/\/doreytiles.pt\/pt-pt\/wp-json\/wp\/v2\/media?parent=4704"}],"wp:term":[{"taxonomy":"product_brand","embeddable":true,"href":"https:\/\/doreytiles.pt\/pt-pt\/wp-json\/wp\/v2\/product_brand?post=4704"},{"taxonomy":"product_cat","embeddable":true,"href":"https:\/\/doreytiles.pt\/pt-pt\/wp-json\/wp\/v2\/product_cat?post=4704"},{"taxonomy":"product_tag","embeddable":true,"href":"https:\/\/doreytiles.pt\/pt-pt\/wp-json\/wp\/v2\/product_tag?post=4704"}],"curies":[{"name":"wp","href":"https:\/\/api.w.org\/{rel}","templated":true}]}}