{"id":4705,"date":"2025-07-31T10:49:46","date_gmt":"2025-07-31T10:49:46","guid":{"rendered":"https:\/\/doreytiles.pt\/?post_type=product&#038;p=4705"},"modified":"2025-08-01T10:26:45","modified_gmt":"2025-08-01T10:26:45","slug":"afrodite-com-os-cupidos","status":"publish","type":"product","link":"https:\/\/doreytiles.pt\/pt-pt\/product\/afrodite-com-os-cupidos\/","title":{"rendered":"Afrodite com os cupidos"},"content":{"rendered":"<p>Per\u00edodo: S\u00e9culo XVIII<\/p>\n<pre><\/pre>\n<p>Dimens\u00f5es: 98 x 266 cm<\/p>\n<pre><\/pre>\n<p>Este painel dos meados do s\u00e9culo XVIII, \u00e9 uma representa\u00e7\u00e3o de Afrodite ou V\u00e9nus. Deusa do amor e fertilidade deitada semi-nua num pedestal, com o seu marido Hefesto ao lado, rodeados por cupidos.<\/p>\n","protected":false},"excerpt":{"rendered":"<p>Per\u00edodo: S\u00e9culo XVIII Dimens\u00f5es: 98 x 266 cm Este painel dos meados do s\u00e9culo XVIII, \u00e9 uma representa\u00e7\u00e3o de Afrodite ou V\u00e9nus. Deusa do amor e fertilidade deitada semi-nua num pedestal, com o seu marido Hefesto ao lado, rodeados por cupidos.<\/p>\n","protected":false},"featured_media":4708,"template":"","meta":{"_acf_changed":false},"product_brand":[],"product_cat":[33,45,47],"product_tag":[38],"class_list":{"0":"post-4705","1":"product","2":"type-product","3":"status-publish","4":"has-post-thumbnail","6":"product_cat-azul-e-branco","7":"product_cat-45","8":"product_cat-xviii","9":"product_tag-paineis-figurativos","11":"first","12":"instock","13":"shipping-taxable","14":"product-type-simple"},"acf":[],"_links":{"self":[{"href":"https:\/\/doreytiles.pt\/pt-pt\/wp-json\/wp\/v2\/product\/4705","targetHints":{"allow":["GET"]}}],"collection":[{"href":"https:\/\/doreytiles.pt\/pt-pt\/wp-json\/wp\/v2\/product"}],"about":[{"href":"https:\/\/doreytiles.pt\/pt-pt\/wp-json\/wp\/v2\/types\/product"}],"wp:featuredmedia":[{"embeddable":true,"href":"https:\/\/doreytiles.pt\/pt-pt\/wp-json\/wp\/v2\/media\/4708"}],"wp:attachment":[{"href":"https:\/\/doreytiles.pt\/pt-pt\/wp-json\/wp\/v2\/media?parent=4705"}],"wp:term":[{"taxonomy":"product_brand","embeddable":true,"href":"https:\/\/doreytiles.pt\/pt-pt\/wp-json\/wp\/v2\/product_brand?post=4705"},{"taxonomy":"product_cat","embeddable":true,"href":"https:\/\/doreytiles.pt\/pt-pt\/wp-json\/wp\/v2\/product_cat?post=4705"},{"taxonomy":"product_tag","embeddable":true,"href":"https:\/\/doreytiles.pt\/pt-pt\/wp-json\/wp\/v2\/product_tag?post=4705"}],"curies":[{"name":"wp","href":"https:\/\/api.w.org\/{rel}","templated":true}]}}