{"id":4716,"date":"2025-07-31T10:55:38","date_gmt":"2025-07-31T10:55:38","guid":{"rendered":"https:\/\/doreytiles.pt\/?post_type=product&#038;p=4716"},"modified":"2025-08-01T09:27:05","modified_gmt":"2025-08-01T09:27:05","slug":"composicao-de-padrao-feronerrie-sec-xvii-1","status":"publish","type":"product","link":"https:\/\/doreytiles.pt\/pt-pt\/product\/composicao-de-padrao-feronerrie-sec-xvii-1\/","title":{"rendered":"Composi\u00e7\u00e3o de Padr\u00e3o Feronerrie, S\u00e9c. XVII (1)"},"content":{"rendered":"<p>Per\u00edodo: s\u00e9culo XVII<\/p>\n<pre><\/pre>\n<p>Dimens\u00f5es: 64 x 64 cm<\/p>\n<pre><\/pre>\n<p><span style=\"font-weight: 400;\">Composi\u00e7\u00e3o geom\u00e9trica de azulejos do s\u00e9culo XVII que combina azulejos enxaquetados e padr\u00f5es de feronerrie.<\/span><\/p>\n<p><span style=\"font-weight: 400;\">Os azulejos enxaquetados, em tons brancos e verdes, criam um efeito tridimensional din\u00e2mico e estruturam visualmente a composi\u00e7\u00e3o. No interior, surgem azulejos de padr\u00e3o feronerrie, ricamente ornamentados com motivos florais e elementos sim\u00e9tricos em tons de azul, amarelo, branco e verde, refletindo a influ\u00eancia mourisca e renascentista.<\/span><\/p>\n","protected":false},"excerpt":{"rendered":"<p>Per\u00edodo: s\u00e9culo XVII Dimens\u00f5es: 64 x 64 cm Composi\u00e7\u00e3o geom\u00e9trica de azulejos do s\u00e9culo XVII que combina azulejos enxaquetados e padr\u00f5es de feronerrie. Os azulejos enxaquetados, em tons brancos e verdes, criam um efeito tridimensional din\u00e2mico e estruturam visualmente a composi\u00e7\u00e3o. No interior, surgem azulejos de padr\u00e3o feronerrie, ricamente ornamentados com motivos florais e elementos [&hellip;]<\/p>\n","protected":false},"featured_media":4377,"template":"","meta":{"_acf_changed":false},"product_brand":[],"product_cat":[29,45,35,33,46],"product_tag":[37],"class_list":{"0":"post-4716","1":"product","2":"type-product","3":"status-publish","4":"has-post-thumbnail","6":"product_cat-cor","7":"product_cat-45","8":"product_cat-amarelos","9":"product_cat-azul-e-branco","10":"product_cat-xvii","11":"product_tag-azulejo-padrao","13":"first","14":"instock","15":"shipping-taxable","16":"product-type-simple"},"acf":[],"_links":{"self":[{"href":"https:\/\/doreytiles.pt\/pt-pt\/wp-json\/wp\/v2\/product\/4716","targetHints":{"allow":["GET"]}}],"collection":[{"href":"https:\/\/doreytiles.pt\/pt-pt\/wp-json\/wp\/v2\/product"}],"about":[{"href":"https:\/\/doreytiles.pt\/pt-pt\/wp-json\/wp\/v2\/types\/product"}],"wp:featuredmedia":[{"embeddable":true,"href":"https:\/\/doreytiles.pt\/pt-pt\/wp-json\/wp\/v2\/media\/4377"}],"wp:attachment":[{"href":"https:\/\/doreytiles.pt\/pt-pt\/wp-json\/wp\/v2\/media?parent=4716"}],"wp:term":[{"taxonomy":"product_brand","embeddable":true,"href":"https:\/\/doreytiles.pt\/pt-pt\/wp-json\/wp\/v2\/product_brand?post=4716"},{"taxonomy":"product_cat","embeddable":true,"href":"https:\/\/doreytiles.pt\/pt-pt\/wp-json\/wp\/v2\/product_cat?post=4716"},{"taxonomy":"product_tag","embeddable":true,"href":"https:\/\/doreytiles.pt\/pt-pt\/wp-json\/wp\/v2\/product_tag?post=4716"}],"curies":[{"name":"wp","href":"https:\/\/api.w.org\/{rel}","templated":true}]}}