{"id":4721,"date":"2025-07-31T11:04:20","date_gmt":"2025-07-31T11:04:20","guid":{"rendered":"https:\/\/doreytiles.pt\/?post_type=product&#038;p=4721"},"modified":"2025-08-01T09:26:52","modified_gmt":"2025-08-01T09:26:52","slug":"azulejos-soltos-sec-xvii","status":"publish","type":"product","link":"https:\/\/doreytiles.pt\/pt-pt\/product\/azulejos-soltos-sec-xvii\/","title":{"rendered":"Azulejos Soltos S\u00e9c. XVII"},"content":{"rendered":"<p>Per\u00edodo: s\u00e9culo XVII<\/p>\n<pre><\/pre>\n<p>Dimens\u00f5es: 14 x 14 cm<\/p>\n<pre><\/pre>\n<p>Diversos azulejos do s\u00e9c. XVII. Azulejos perdidos ao longo dos s\u00e9culos e agora recuperados.<\/p>\n<pre><\/pre>\n<p>Existem mais op\u00e7\u00f5es de azulejos soltos.<\/p>\n","protected":false},"excerpt":{"rendered":"<p>Per\u00edodo: s\u00e9culo XVII Dimens\u00f5es: 14 x 14 cm Diversos azulejos do s\u00e9c. XVII. Azulejos perdidos ao longo dos s\u00e9culos e agora recuperados. Existem mais op\u00e7\u00f5es de azulejos soltos.<\/p>\n","protected":false},"featured_media":4419,"template":"","meta":{"_acf_changed":false},"product_brand":[],"product_cat":[29,45,44,35,33,34,46],"product_tag":[37,58],"class_list":{"0":"post-4721","1":"product","2":"type-product","3":"status-publish","4":"has-post-thumbnail","6":"product_cat-cor","7":"product_cat-45","8":"product_cat-44","9":"product_cat-amarelos","10":"product_cat-azul-e-branco","11":"product_cat-manganes","12":"product_cat-xvii","13":"product_tag-azulejo-padrao","14":"product_tag-pecas-de-colecao","16":"first","17":"instock","18":"shipping-taxable","19":"product-type-simple"},"acf":[],"_links":{"self":[{"href":"https:\/\/doreytiles.pt\/pt-pt\/wp-json\/wp\/v2\/product\/4721","targetHints":{"allow":["GET"]}}],"collection":[{"href":"https:\/\/doreytiles.pt\/pt-pt\/wp-json\/wp\/v2\/product"}],"about":[{"href":"https:\/\/doreytiles.pt\/pt-pt\/wp-json\/wp\/v2\/types\/product"}],"wp:featuredmedia":[{"embeddable":true,"href":"https:\/\/doreytiles.pt\/pt-pt\/wp-json\/wp\/v2\/media\/4419"}],"wp:attachment":[{"href":"https:\/\/doreytiles.pt\/pt-pt\/wp-json\/wp\/v2\/media?parent=4721"}],"wp:term":[{"taxonomy":"product_brand","embeddable":true,"href":"https:\/\/doreytiles.pt\/pt-pt\/wp-json\/wp\/v2\/product_brand?post=4721"},{"taxonomy":"product_cat","embeddable":true,"href":"https:\/\/doreytiles.pt\/pt-pt\/wp-json\/wp\/v2\/product_cat?post=4721"},{"taxonomy":"product_tag","embeddable":true,"href":"https:\/\/doreytiles.pt\/pt-pt\/wp-json\/wp\/v2\/product_tag?post=4721"}],"curies":[{"name":"wp","href":"https:\/\/api.w.org\/{rel}","templated":true}]}}