{"id":4942,"date":"2025-08-06T10:50:49","date_gmt":"2025-08-06T10:50:49","guid":{"rendered":"https:\/\/doreytiles.pt\/?post_type=product&#038;p=4942"},"modified":"2025-08-07T20:56:54","modified_gmt":"2025-08-07T20:56:54","slug":"azulejos-semi-industriais-seculo-xix-xx","status":"publish","type":"product","link":"https:\/\/doreytiles.pt\/pt-pt\/product\/azulejos-semi-industriais-seculo-xix-xx\/","title":{"rendered":"Azulejos Semi-industriais, s\u00e9culo XIX\/XX"},"content":{"rendered":"<p>Per\u00edodo: Meados do s\u00e9culo XIX e in\u00edcio do XX<\/p>\n<pre><\/pre>\n<p>Dimens\u00f5es: 14 x 14 cm<\/p>\n<pre><\/pre>\n<p>Azulejos semi-industriais de meados do s\u00e9culo XIX e in\u00edcio do XX, com motivos florais, geom\u00e9tricos e arabescos.\u00a0 Uso em fachadas e interiores.<\/p>\n<p>&nbsp;<\/p>\n<p>Poder\u00e3o existir diferentes modelos e em quantidade.<\/p>\n","protected":false},"excerpt":{"rendered":"<p>Per\u00edodo: Meados do s\u00e9culo XIX e in\u00edcio do XX Dimens\u00f5es: 14 x 14 cm Azulejos semi-industriais de meados do s\u00e9culo XIX e in\u00edcio do XX, com motivos florais, geom\u00e9tricos e arabescos.\u00a0 Uso em fachadas e interiores. &nbsp; Poder\u00e3o existir diferentes modelos e em quantidade.<\/p>\n","protected":false},"featured_media":4943,"template":"","meta":{"_acf_changed":false},"product_brand":[],"product_cat":[35,43,33,29,34,48,50],"product_tag":[37],"class_list":{"0":"post-4942","1":"product","2":"type-product","3":"status-publish","4":"has-post-thumbnail","6":"product_cat-amarelos","7":"product_cat-0-50","8":"product_cat-azul-e-branco","9":"product_cat-cor","10":"product_cat-manganes","11":"product_cat-xix","12":"product_cat-xx","13":"product_tag-azulejo-padrao","15":"first","16":"instock","17":"shipping-taxable","18":"product-type-simple"},"acf":[],"_links":{"self":[{"href":"https:\/\/doreytiles.pt\/pt-pt\/wp-json\/wp\/v2\/product\/4942","targetHints":{"allow":["GET"]}}],"collection":[{"href":"https:\/\/doreytiles.pt\/pt-pt\/wp-json\/wp\/v2\/product"}],"about":[{"href":"https:\/\/doreytiles.pt\/pt-pt\/wp-json\/wp\/v2\/types\/product"}],"wp:featuredmedia":[{"embeddable":true,"href":"https:\/\/doreytiles.pt\/pt-pt\/wp-json\/wp\/v2\/media\/4943"}],"wp:attachment":[{"href":"https:\/\/doreytiles.pt\/pt-pt\/wp-json\/wp\/v2\/media?parent=4942"}],"wp:term":[{"taxonomy":"product_brand","embeddable":true,"href":"https:\/\/doreytiles.pt\/pt-pt\/wp-json\/wp\/v2\/product_brand?post=4942"},{"taxonomy":"product_cat","embeddable":true,"href":"https:\/\/doreytiles.pt\/pt-pt\/wp-json\/wp\/v2\/product_cat?post=4942"},{"taxonomy":"product_tag","embeddable":true,"href":"https:\/\/doreytiles.pt\/pt-pt\/wp-json\/wp\/v2\/product_tag?post=4942"}],"curies":[{"name":"wp","href":"https:\/\/api.w.org\/{rel}","templated":true}]}}