{"id":4950,"date":"2025-08-06T14:42:18","date_gmt":"2025-08-06T14:42:18","guid":{"rendered":"https:\/\/doreytiles.pt\/?post_type=product&#038;p=4950"},"modified":"2025-08-07T20:56:43","modified_gmt":"2025-08-07T20:56:43","slug":"azulejos-pombalinos-c-1760","status":"publish","type":"product","link":"https:\/\/doreytiles.pt\/pt-pt\/product\/azulejos-pombalinos-c-1760\/","title":{"rendered":"Azulejos Pombalinos, c. 1760"},"content":{"rendered":"<p>Per\u00edodo: Finais do s\u00e9cuo XVIII, c. 1760<\/p>\n<pre><\/pre>\n<p>Dimens\u00f5es: 14 x 14 cm<\/p>\n<pre><\/pre>\n<p>Este conjunto de azulejos pombalinos apresenta padr\u00f5es florais e geom\u00e9tricos, pintados \u00e0 m\u00e3o em v\u00e1rias cores sobre fundo branco. Os motivos organizam-se em composi\u00e7\u00f5es sim\u00e9tricas. Estes azulejos foram usados na reconstru\u00e7\u00e3o de Lisboa ap\u00f3s o terramoto de 1755, aplicados em fachadas e interiores como elemento decorativo e funcional.<\/p>\n<pre><\/pre>\n<p>Poder\u00e3o existir mais modelos e em diferentes quantidades.<\/p>\n","protected":false},"excerpt":{"rendered":"<p>Per\u00edodo: Finais do s\u00e9cuo XVIII, c. 1760 Dimens\u00f5es: 14 x 14 cm Este conjunto de azulejos pombalinos apresenta padr\u00f5es florais e geom\u00e9tricos, pintados \u00e0 m\u00e3o em v\u00e1rias cores sobre fundo branco. Os motivos organizam-se em composi\u00e7\u00f5es sim\u00e9tricas. Estes azulejos foram usados na reconstru\u00e7\u00e3o de Lisboa ap\u00f3s o terramoto de 1755, aplicados em fachadas e interiores [&hellip;]<\/p>\n","protected":false},"featured_media":4951,"template":"","meta":{"_acf_changed":false},"product_brand":[],"product_cat":[35,43,33,34,47],"product_tag":[37,55],"class_list":{"0":"post-4950","1":"product","2":"type-product","3":"status-publish","4":"has-post-thumbnail","6":"product_cat-amarelos","7":"product_cat-0-50","8":"product_cat-azul-e-branco","9":"product_cat-manganes","10":"product_cat-xviii","11":"product_tag-azulejo-padrao","12":"product_tag-pombalino","14":"first","15":"instock","16":"shipping-taxable","17":"product-type-simple"},"acf":[],"_links":{"self":[{"href":"https:\/\/doreytiles.pt\/pt-pt\/wp-json\/wp\/v2\/product\/4950","targetHints":{"allow":["GET"]}}],"collection":[{"href":"https:\/\/doreytiles.pt\/pt-pt\/wp-json\/wp\/v2\/product"}],"about":[{"href":"https:\/\/doreytiles.pt\/pt-pt\/wp-json\/wp\/v2\/types\/product"}],"wp:featuredmedia":[{"embeddable":true,"href":"https:\/\/doreytiles.pt\/pt-pt\/wp-json\/wp\/v2\/media\/4951"}],"wp:attachment":[{"href":"https:\/\/doreytiles.pt\/pt-pt\/wp-json\/wp\/v2\/media?parent=4950"}],"wp:term":[{"taxonomy":"product_brand","embeddable":true,"href":"https:\/\/doreytiles.pt\/pt-pt\/wp-json\/wp\/v2\/product_brand?post=4950"},{"taxonomy":"product_cat","embeddable":true,"href":"https:\/\/doreytiles.pt\/pt-pt\/wp-json\/wp\/v2\/product_cat?post=4950"},{"taxonomy":"product_tag","embeddable":true,"href":"https:\/\/doreytiles.pt\/pt-pt\/wp-json\/wp\/v2\/product_tag?post=4950"}],"curies":[{"name":"wp","href":"https:\/\/api.w.org\/{rel}","templated":true}]}}