{"id":4958,"date":"2025-08-06T15:18:37","date_gmt":"2025-08-06T15:18:37","guid":{"rendered":"https:\/\/doreytiles.pt\/?post_type=product&#038;p=4958"},"modified":"2025-08-07T20:56:34","modified_gmt":"2025-08-07T20:56:34","slug":"azulejos-bordalo-pinheiro-fabrica-das-caldas-da-rainha-seculo-xix","status":"publish","type":"product","link":"https:\/\/doreytiles.pt\/pt-pt\/product\/azulejos-bordalo-pinheiro-fabrica-das-caldas-da-rainha-seculo-xix\/","title":{"rendered":"Azulejos Bordalo Pinheiro, F\u00e1brica das Caldas da Rainha, S\u00e9culo XIX"},"content":{"rendered":"<p>Per\u00edodo: Finais do s\u00e9culo XIX<\/p>\n<pre><\/pre>\n<p>Dimens\u00f5es: 14 x 14<\/p>\n<pre><\/pre>\n<p>Este conjunto de azulejos foi produzido na F\u00e1brica de Faian\u00e7as das Caldas da Rainha, fundada por Rafael Bordalo Pinheiro. Apresenta motivos naturalistas, geom\u00e9tricos e arquitet\u00f3nicos, com relevos e vidrados em v\u00e1rias cores. Os temas incluem elementos vegetais, padr\u00f5es inspirados em arte isl\u00e2mica e formas decorativas variadas. Estes azulejos foram usados em revestimentos parietais no final do s\u00e9culo XIX e in\u00edcio do s\u00e9culo XX.<\/p>\n<p>Poder\u00e3o existir diferentes modelos e em maior quantidade.<\/p>\n<p>&nbsp;<\/p>\n","protected":false},"excerpt":{"rendered":"<p>Per\u00edodo: Finais do s\u00e9culo XIX Dimens\u00f5es: 14 x 14 Este conjunto de azulejos foi produzido na F\u00e1brica de Faian\u00e7as das Caldas da Rainha, fundada por Rafael Bordalo Pinheiro. Apresenta motivos naturalistas, geom\u00e9tricos e arquitet\u00f3nicos, com relevos e vidrados em v\u00e1rias cores. Os temas incluem elementos vegetais, padr\u00f5es inspirados em arte isl\u00e2mica e formas decorativas variadas. [&hellip;]<\/p>\n","protected":false},"featured_media":4961,"template":"","meta":{"_acf_changed":false},"product_brand":[],"product_cat":[35,42,45,44,33,29,34,48,50],"product_tag":[37,57,58],"class_list":{"0":"post-4958","1":"product","2":"type-product","3":"status-publish","4":"has-post-thumbnail","6":"product_cat-amarelos","7":"product_cat-42","8":"product_cat-45","9":"product_cat-44","10":"product_cat-azul-e-branco","11":"product_cat-cor","12":"product_cat-manganes","13":"product_cat-xix","14":"product_cat-xx","15":"product_tag-azulejo-padrao","16":"product_tag-caldas-da-rainha","17":"product_tag-pecas-de-colecao","19":"first","20":"instock","21":"shipping-taxable","22":"product-type-simple"},"acf":[],"_links":{"self":[{"href":"https:\/\/doreytiles.pt\/pt-pt\/wp-json\/wp\/v2\/product\/4958","targetHints":{"allow":["GET"]}}],"collection":[{"href":"https:\/\/doreytiles.pt\/pt-pt\/wp-json\/wp\/v2\/product"}],"about":[{"href":"https:\/\/doreytiles.pt\/pt-pt\/wp-json\/wp\/v2\/types\/product"}],"wp:featuredmedia":[{"embeddable":true,"href":"https:\/\/doreytiles.pt\/pt-pt\/wp-json\/wp\/v2\/media\/4961"}],"wp:attachment":[{"href":"https:\/\/doreytiles.pt\/pt-pt\/wp-json\/wp\/v2\/media?parent=4958"}],"wp:term":[{"taxonomy":"product_brand","embeddable":true,"href":"https:\/\/doreytiles.pt\/pt-pt\/wp-json\/wp\/v2\/product_brand?post=4958"},{"taxonomy":"product_cat","embeddable":true,"href":"https:\/\/doreytiles.pt\/pt-pt\/wp-json\/wp\/v2\/product_cat?post=4958"},{"taxonomy":"product_tag","embeddable":true,"href":"https:\/\/doreytiles.pt\/pt-pt\/wp-json\/wp\/v2\/product_tag?post=4958"}],"curies":[{"name":"wp","href":"https:\/\/api.w.org\/{rel}","templated":true}]}}