{"id":4966,"date":"2025-08-06T15:43:19","date_gmt":"2025-08-06T15:43:19","guid":{"rendered":"https:\/\/doreytiles.pt\/?post_type=product&#038;p=4966"},"modified":"2025-08-07T20:56:24","modified_gmt":"2025-08-07T20:56:24","slug":"paineis-de-figura-avulsa-seculo-xviii","status":"publish","type":"product","link":"https:\/\/doreytiles.pt\/pt-pt\/product\/paineis-de-figura-avulsa-seculo-xviii\/","title":{"rendered":"Paineis de Figura Avulsa Flores, S\u00e9culo XVIII"},"content":{"rendered":"<p>Per\u00edodo: S\u00e9culo XVIII<\/p>\n<pre><\/pre>\n<p>Dimens\u00f5es: 56 x 56 cm<\/p>\n<pre><\/pre>\n<p>Azulejos portugueses do s\u00e9culo XVIII que formam um padr\u00e3o cont\u00ednuo. Produzidos p\u00f3s terramoto de 1755, foram utilizados para decorar as fachadas dos edif\u00edcios Lisboetas numa primeira fase e posteriormente alargada a sua utiliza\u00e7\u00e3o na decora\u00e7\u00e3o de espa\u00e7os comuns das casas.<\/p>\n","protected":false},"excerpt":{"rendered":"<p>Per\u00edodo: S\u00e9culo XVIII Dimens\u00f5es: 56 x 56 cm Azulejos portugueses do s\u00e9culo XVIII que formam um padr\u00e3o cont\u00ednuo. Produzidos p\u00f3s terramoto de 1755, foram utilizados para decorar as fachadas dos edif\u00edcios Lisboetas numa primeira fase e posteriormente alargada a sua utiliza\u00e7\u00e3o na decora\u00e7\u00e3o de espa\u00e7os comuns das casas.<\/p>\n","protected":false},"featured_media":4973,"template":"","meta":{"_acf_changed":false},"product_brand":[],"product_cat":[35,41,33,34,47],"product_tag":[37,62],"class_list":{"0":"post-4966","1":"product","2":"type-product","3":"status-publish","4":"has-post-thumbnail","6":"product_cat-amarelos","7":"product_cat-41","8":"product_cat-azul-e-branco","9":"product_cat-manganes","10":"product_cat-xviii","11":"product_tag-azulejo-padrao","12":"product_tag-figura_avulsa","14":"first","15":"instock","16":"shipping-taxable","17":"product-type-simple"},"acf":[],"_links":{"self":[{"href":"https:\/\/doreytiles.pt\/pt-pt\/wp-json\/wp\/v2\/product\/4966","targetHints":{"allow":["GET"]}}],"collection":[{"href":"https:\/\/doreytiles.pt\/pt-pt\/wp-json\/wp\/v2\/product"}],"about":[{"href":"https:\/\/doreytiles.pt\/pt-pt\/wp-json\/wp\/v2\/types\/product"}],"wp:featuredmedia":[{"embeddable":true,"href":"https:\/\/doreytiles.pt\/pt-pt\/wp-json\/wp\/v2\/media\/4973"}],"wp:attachment":[{"href":"https:\/\/doreytiles.pt\/pt-pt\/wp-json\/wp\/v2\/media?parent=4966"}],"wp:term":[{"taxonomy":"product_brand","embeddable":true,"href":"https:\/\/doreytiles.pt\/pt-pt\/wp-json\/wp\/v2\/product_brand?post=4966"},{"taxonomy":"product_cat","embeddable":true,"href":"https:\/\/doreytiles.pt\/pt-pt\/wp-json\/wp\/v2\/product_cat?post=4966"},{"taxonomy":"product_tag","embeddable":true,"href":"https:\/\/doreytiles.pt\/pt-pt\/wp-json\/wp\/v2\/product_tag?post=4966"}],"curies":[{"name":"wp","href":"https:\/\/api.w.org\/{rel}","templated":true}]}}