{"id":4979,"date":"2025-08-06T16:12:34","date_gmt":"2025-08-06T16:12:34","guid":{"rendered":"https:\/\/doreytiles.pt\/?post_type=product&#038;p=4979"},"modified":"2025-08-07T20:56:14","modified_gmt":"2025-08-07T20:56:14","slug":"cena-do-quotidiano-seculo-xviii","status":"publish","type":"product","link":"https:\/\/doreytiles.pt\/pt-pt\/product\/cena-do-quotidiano-seculo-xviii\/","title":{"rendered":"Cena do Quotidiano Junto ao Rio, S\u00e9culo XVIII"},"content":{"rendered":"<p>Per\u00edodo: S\u00e9culo XVIII<\/p>\n<pre><\/pre>\n<p>Dimens\u00f5es: 56 x 98 cm<\/p>\n<pre><\/pre>\n<p>Painel de azulejos do s\u00e9culo XVIII composto por cenas pintadas a azul sobre branco. Representa uma figura feminina em traje popular, paisagem com edif\u00edcios religiosos, \u00e1rvores e elementos rurais. Cercadura com elementos decorativos contorna a cena central.<\/p>\n","protected":false},"excerpt":{"rendered":"<p>Per\u00edodo: S\u00e9culo XVIII Dimens\u00f5es: 56 x 98 cm Painel de azulejos do s\u00e9culo XVIII composto por cenas pintadas a azul sobre branco. Representa uma figura feminina em traje popular, paisagem com edif\u00edcios religiosos, \u00e1rvores e elementos rurais. Cercadura com elementos decorativos contorna a cena central.<\/p>\n","protected":false},"featured_media":4982,"template":"","meta":{"_acf_changed":false},"product_brand":[],"product_cat":[33,41,47],"product_tag":[38],"class_list":{"0":"post-4979","1":"product","2":"type-product","3":"status-publish","4":"has-post-thumbnail","6":"product_cat-azul-e-branco","7":"product_cat-41","8":"product_cat-xviii","9":"product_tag-paineis-figurativos","11":"first","12":"instock","13":"shipping-taxable","14":"product-type-simple"},"acf":[],"_links":{"self":[{"href":"https:\/\/doreytiles.pt\/pt-pt\/wp-json\/wp\/v2\/product\/4979","targetHints":{"allow":["GET"]}}],"collection":[{"href":"https:\/\/doreytiles.pt\/pt-pt\/wp-json\/wp\/v2\/product"}],"about":[{"href":"https:\/\/doreytiles.pt\/pt-pt\/wp-json\/wp\/v2\/types\/product"}],"wp:featuredmedia":[{"embeddable":true,"href":"https:\/\/doreytiles.pt\/pt-pt\/wp-json\/wp\/v2\/media\/4982"}],"wp:attachment":[{"href":"https:\/\/doreytiles.pt\/pt-pt\/wp-json\/wp\/v2\/media?parent=4979"}],"wp:term":[{"taxonomy":"product_brand","embeddable":true,"href":"https:\/\/doreytiles.pt\/pt-pt\/wp-json\/wp\/v2\/product_brand?post=4979"},{"taxonomy":"product_cat","embeddable":true,"href":"https:\/\/doreytiles.pt\/pt-pt\/wp-json\/wp\/v2\/product_cat?post=4979"},{"taxonomy":"product_tag","embeddable":true,"href":"https:\/\/doreytiles.pt\/pt-pt\/wp-json\/wp\/v2\/product_tag?post=4979"}],"curies":[{"name":"wp","href":"https:\/\/api.w.org\/{rel}","templated":true}]}}