{"id":4996,"date":"2025-08-07T10:06:07","date_gmt":"2025-08-07T10:06:07","guid":{"rendered":"https:\/\/doreytiles.pt\/?post_type=product&#038;p=4996"},"modified":"2025-08-07T20:56:04","modified_gmt":"2025-08-07T20:56:04","slug":"cenas-de-caca-seculo-xviii","status":"publish","type":"product","link":"https:\/\/doreytiles.pt\/pt-pt\/product\/cenas-de-caca-seculo-xviii\/","title":{"rendered":"Cenas de Ca\u00e7a, S\u00e9culo XVIII"},"content":{"rendered":"<p>Per\u00edodo: Final do s\u00e9culo XVIII<\/p>\n<pre><\/pre>\n<p>Dimens\u00f5es: 42 x 56; 56 x 56; 42 x 70 cm<\/p>\n<pre><\/pre>\n<p>Estes paineis do s\u00e9culo XVIII, apresentam v\u00e1rias cenas de ca\u00e7a do veado, uma atividade comum entre a alta aristocracia nesta \u00e9poca.<\/p>\n","protected":false},"excerpt":{"rendered":"<p>Per\u00edodo: Final do s\u00e9culo XVIII Dimens\u00f5es: 42 x 56; 56 x 56; 42 x 70 cm Estes paineis do s\u00e9culo XVIII, apresentam v\u00e1rias cenas de ca\u00e7a do veado, uma atividade comum entre a alta aristocracia nesta \u00e9poca.<\/p>\n","protected":false},"featured_media":4999,"template":"","meta":{"_acf_changed":false},"product_brand":[],"product_cat":[33,41,34,47],"product_tag":[38],"class_list":{"0":"post-4996","1":"product","2":"type-product","3":"status-publish","4":"has-post-thumbnail","6":"product_cat-azul-e-branco","7":"product_cat-41","8":"product_cat-manganes","9":"product_cat-xviii","10":"product_tag-paineis-figurativos","12":"first","13":"instock","14":"shipping-taxable","15":"product-type-simple"},"acf":[],"_links":{"self":[{"href":"https:\/\/doreytiles.pt\/pt-pt\/wp-json\/wp\/v2\/product\/4996","targetHints":{"allow":["GET"]}}],"collection":[{"href":"https:\/\/doreytiles.pt\/pt-pt\/wp-json\/wp\/v2\/product"}],"about":[{"href":"https:\/\/doreytiles.pt\/pt-pt\/wp-json\/wp\/v2\/types\/product"}],"wp:featuredmedia":[{"embeddable":true,"href":"https:\/\/doreytiles.pt\/pt-pt\/wp-json\/wp\/v2\/media\/4999"}],"wp:attachment":[{"href":"https:\/\/doreytiles.pt\/pt-pt\/wp-json\/wp\/v2\/media?parent=4996"}],"wp:term":[{"taxonomy":"product_brand","embeddable":true,"href":"https:\/\/doreytiles.pt\/pt-pt\/wp-json\/wp\/v2\/product_brand?post=4996"},{"taxonomy":"product_cat","embeddable":true,"href":"https:\/\/doreytiles.pt\/pt-pt\/wp-json\/wp\/v2\/product_cat?post=4996"},{"taxonomy":"product_tag","embeddable":true,"href":"https:\/\/doreytiles.pt\/pt-pt\/wp-json\/wp\/v2\/product_tag?post=4996"}],"curies":[{"name":"wp","href":"https:\/\/api.w.org\/{rel}","templated":true}]}}