{"id":5023,"date":"2025-08-07T15:26:45","date_gmt":"2025-08-07T15:26:45","guid":{"rendered":"https:\/\/doreytiles.pt\/?post_type=product&#038;p=5023"},"modified":"2025-08-07T20:55:51","modified_gmt":"2025-08-07T20:55:51","slug":"painel-de-padrao-geometrico-seculo-xvii","status":"publish","type":"product","link":"https:\/\/doreytiles.pt\/pt-pt\/product\/painel-de-padrao-geometrico-seculo-xvii\/","title":{"rendered":"Painel de Padr\u00e3o Geom\u00e9trico, S\u00e9culo XVII"},"content":{"rendered":"<p>Per\u00edodo: Meados do S\u00e9culo XVII<\/p>\n<pre><\/pre>\n<p>Dimens\u00f5es: 84 x 84 cm<\/p>\n<pre><\/pre>\n<p>Painel do S\u00e9culo XVII, com padr\u00e3o geom\u00e9trico em azul e amarelo sobre branco, com azulejo lado esquerdo e direito, complementado com rara cercadura da mesma \u00e9poca.<\/p>\n<p>&nbsp;<\/p>\n<p>&nbsp;<\/p>\n","protected":false},"excerpt":{"rendered":"<p>Per\u00edodo: Meados do S\u00e9culo XVII Dimens\u00f5es: 84 x 84 cm Painel do S\u00e9culo XVII, com padr\u00e3o geom\u00e9trico em azul e amarelo sobre branco, com azulejo lado esquerdo e direito, complementado com rara cercadura da mesma \u00e9poca. &nbsp; &nbsp;<\/p>\n","protected":false},"featured_media":5024,"template":"","meta":{"_acf_changed":false},"product_brand":[],"product_cat":[35,41,33,46],"product_tag":[37],"class_list":{"0":"post-5023","1":"product","2":"type-product","3":"status-publish","4":"has-post-thumbnail","6":"product_cat-amarelos","7":"product_cat-41","8":"product_cat-azul-e-branco","9":"product_cat-xvii","10":"product_tag-azulejo-padrao","12":"first","13":"instock","14":"shipping-taxable","15":"product-type-simple"},"acf":[],"_links":{"self":[{"href":"https:\/\/doreytiles.pt\/pt-pt\/wp-json\/wp\/v2\/product\/5023","targetHints":{"allow":["GET"]}}],"collection":[{"href":"https:\/\/doreytiles.pt\/pt-pt\/wp-json\/wp\/v2\/product"}],"about":[{"href":"https:\/\/doreytiles.pt\/pt-pt\/wp-json\/wp\/v2\/types\/product"}],"wp:featuredmedia":[{"embeddable":true,"href":"https:\/\/doreytiles.pt\/pt-pt\/wp-json\/wp\/v2\/media\/5024"}],"wp:attachment":[{"href":"https:\/\/doreytiles.pt\/pt-pt\/wp-json\/wp\/v2\/media?parent=5023"}],"wp:term":[{"taxonomy":"product_brand","embeddable":true,"href":"https:\/\/doreytiles.pt\/pt-pt\/wp-json\/wp\/v2\/product_brand?post=5023"},{"taxonomy":"product_cat","embeddable":true,"href":"https:\/\/doreytiles.pt\/pt-pt\/wp-json\/wp\/v2\/product_cat?post=5023"},{"taxonomy":"product_tag","embeddable":true,"href":"https:\/\/doreytiles.pt\/pt-pt\/wp-json\/wp\/v2\/product_tag?post=5023"}],"curies":[{"name":"wp","href":"https:\/\/api.w.org\/{rel}","templated":true}]}}