{"id":5071,"date":"2025-08-08T09:48:04","date_gmt":"2025-08-08T09:48:04","guid":{"rendered":"https:\/\/doreytiles.pt\/?post_type=product&#038;p=5071"},"modified":"2025-08-08T10:06:43","modified_gmt":"2025-08-08T10:06:43","slug":"painel-de-padrao-geometrico-seculo-xvii-2","status":"publish","type":"product","link":"https:\/\/doreytiles.pt\/pt-pt\/product\/painel-de-padrao-geometrico-seculo-xvii-2\/","title":{"rendered":"Painel de Padr\u00e3o Geom\u00e9trico (1), s\u00e9culo XVII"},"content":{"rendered":"<hr \/>\n<p>Per\u00edodo: S\u00e9culo XVII<\/p>\n<pre><\/pre>\n<p>Dimens\u00f5es: 84 x 84 cm<\/p>\n<pre><\/pre>\n<article class=\"text-token-text-primary w-full focus:outline-none scroll-mt-[calc(var(--header-height)+min(200px,max(70px,20svh)))]\" dir=\"auto\" tabindex=\"-1\" data-turn-id=\"request-WEB:c2ecc452-5b43-4619-b863-a46ea5a4a44b-0\" data-testid=\"conversation-turn-2\" data-scroll-anchor=\"true\" data-turn=\"assistant\">\n<div class=\"text-base my-auto mx-auto pb-10 [--thread-content-margin:--spacing(4)] @[37rem]:[--thread-content-margin:--spacing(6)] @[72rem]:[--thread-content-margin:--spacing(16)] px-(--thread-content-margin)\">\n<div class=\"[--thread-content-max-width:32rem] @[34rem]:[--thread-content-max-width:40rem] @[64rem]:[--thread-content-max-width:48rem] mx-auto max-w-(--thread-content-max-width) flex-1 group\/turn-messages focus-visible:outline-hidden relative flex w-full min-w-0 flex-col agent-turn\" tabindex=\"-1\">\n<div class=\"flex max-w-full flex-col grow\">\n<div class=\"min-h-8 text-message relative flex w-full flex-col items-end gap-2 text-start break-words whitespace-normal [.text-message+&amp;]:mt-5\" dir=\"auto\" data-message-author-role=\"assistant\" data-message-id=\"826b1e83-4a58-444e-b1fd-162710e88ebb\" data-message-model-slug=\"gpt-5\">\n<div class=\"flex w-full flex-col gap-1 empty:hidden first:pt-[3px]\">\n<div class=\"markdown prose dark:prose-invert w-full break-words light markdown-new-styling\">\n<p data-start=\"0\" data-end=\"177\" data-is-last-node=\"\" data-is-only-node=\"\">Painel de azulejos do s\u00e9culo XVII composto por padr\u00e3o central com folhas e flores em azul e amarelo, com cercadura de motivos florais.<\/p>\n<\/div>\n<\/div>\n<\/div>\n<\/div>\n<\/div>\n<\/div>\n<\/article>\n","protected":false},"excerpt":{"rendered":"<p>Per\u00edodo: S\u00e9culo XVII Dimens\u00f5es: 84 x 84 cm Painel de azulejos do s\u00e9culo XVII composto por padr\u00e3o central com folhas e flores em azul e amarelo, com cercadura de motivos florais.<\/p>\n","protected":false},"featured_media":5076,"template":"","meta":{"_acf_changed":false},"product_brand":[],"product_cat":[35,41,33,46],"product_tag":[37],"class_list":{"0":"post-5071","1":"product","2":"type-product","3":"status-publish","4":"has-post-thumbnail","6":"product_cat-amarelos","7":"product_cat-41","8":"product_cat-azul-e-branco","9":"product_cat-xvii","10":"product_tag-azulejo-padrao","12":"first","13":"instock","14":"shipping-taxable","15":"product-type-simple"},"acf":[],"_links":{"self":[{"href":"https:\/\/doreytiles.pt\/pt-pt\/wp-json\/wp\/v2\/product\/5071","targetHints":{"allow":["GET"]}}],"collection":[{"href":"https:\/\/doreytiles.pt\/pt-pt\/wp-json\/wp\/v2\/product"}],"about":[{"href":"https:\/\/doreytiles.pt\/pt-pt\/wp-json\/wp\/v2\/types\/product"}],"wp:featuredmedia":[{"embeddable":true,"href":"https:\/\/doreytiles.pt\/pt-pt\/wp-json\/wp\/v2\/media\/5076"}],"wp:attachment":[{"href":"https:\/\/doreytiles.pt\/pt-pt\/wp-json\/wp\/v2\/media?parent=5071"}],"wp:term":[{"taxonomy":"product_brand","embeddable":true,"href":"https:\/\/doreytiles.pt\/pt-pt\/wp-json\/wp\/v2\/product_brand?post=5071"},{"taxonomy":"product_cat","embeddable":true,"href":"https:\/\/doreytiles.pt\/pt-pt\/wp-json\/wp\/v2\/product_cat?post=5071"},{"taxonomy":"product_tag","embeddable":true,"href":"https:\/\/doreytiles.pt\/pt-pt\/wp-json\/wp\/v2\/product_tag?post=5071"}],"curies":[{"name":"wp","href":"https:\/\/api.w.org\/{rel}","templated":true}]}}