{"id":5258,"date":"2025-08-13T15:51:03","date_gmt":"2025-08-13T15:51:03","guid":{"rendered":"https:\/\/doreytiles.pt\/?post_type=product&#038;p=5258"},"modified":"2025-08-15T10:12:44","modified_gmt":"2025-08-15T10:12:44","slug":"azulejos-barrocos-seculo-xviii","status":"publish","type":"product","link":"https:\/\/doreytiles.pt\/pt-pt\/product\/azulejos-barrocos-seculo-xviii\/","title":{"rendered":"Azulejos barrocos, s\u00e9culo XVIII"},"content":{"rendered":"<p>Per\u00edodo: s\u00e9culo XVIII<\/p>\n<pre><\/pre>\n<p>Dimens\u00f5es: 14 x 14 cm<\/p>\n<pre><\/pre>\n<p>Azulejos barrocos do s\u00e9culo XVIII, faziam parte de uma painel maior, usados em igrejas e pal\u00e1cios.<\/p>\n","protected":false},"excerpt":{"rendered":"<p>Per\u00edodo: s\u00e9culo XVIII Dimens\u00f5es: 14 x 14 cm Azulejos barrocos do s\u00e9culo XVIII, faziam parte de uma painel maior, usados em igrejas e pal\u00e1cios.<\/p>\n","protected":false},"featured_media":5263,"template":"","meta":{"_acf_changed":false},"product_brand":[],"product_cat":[33,45,41,47],"product_tag":[38],"class_list":{"0":"post-5258","1":"product","2":"type-product","3":"status-publish","4":"has-post-thumbnail","6":"product_cat-azul-e-branco","7":"product_cat-45","8":"product_cat-41","9":"product_cat-xviii","10":"product_tag-paineis-figurativos","12":"first","13":"instock","14":"shipping-taxable","15":"product-type-simple"},"acf":[],"_links":{"self":[{"href":"https:\/\/doreytiles.pt\/pt-pt\/wp-json\/wp\/v2\/product\/5258","targetHints":{"allow":["GET"]}}],"collection":[{"href":"https:\/\/doreytiles.pt\/pt-pt\/wp-json\/wp\/v2\/product"}],"about":[{"href":"https:\/\/doreytiles.pt\/pt-pt\/wp-json\/wp\/v2\/types\/product"}],"wp:featuredmedia":[{"embeddable":true,"href":"https:\/\/doreytiles.pt\/pt-pt\/wp-json\/wp\/v2\/media\/5263"}],"wp:attachment":[{"href":"https:\/\/doreytiles.pt\/pt-pt\/wp-json\/wp\/v2\/media?parent=5258"}],"wp:term":[{"taxonomy":"product_brand","embeddable":true,"href":"https:\/\/doreytiles.pt\/pt-pt\/wp-json\/wp\/v2\/product_brand?post=5258"},{"taxonomy":"product_cat","embeddable":true,"href":"https:\/\/doreytiles.pt\/pt-pt\/wp-json\/wp\/v2\/product_cat?post=5258"},{"taxonomy":"product_tag","embeddable":true,"href":"https:\/\/doreytiles.pt\/pt-pt\/wp-json\/wp\/v2\/product_tag?post=5258"}],"curies":[{"name":"wp","href":"https:\/\/api.w.org\/{rel}","templated":true}]}}