{"id":5274,"date":"2025-08-13T17:06:50","date_gmt":"2025-08-13T17:06:50","guid":{"rendered":"https:\/\/doreytiles.pt\/?post_type=product&#038;p=5274"},"modified":"2025-08-15T10:13:05","modified_gmt":"2025-08-15T10:13:05","slug":"cesto-com-frutas-e-flores-seculo-xviii","status":"publish","type":"product","link":"https:\/\/doreytiles.pt\/pt-pt\/product\/cesto-com-frutas-e-flores-seculo-xviii\/","title":{"rendered":"Cesto com frutas e flores, s\u00e9culo XVIII"},"content":{"rendered":"<p>Per\u00edodo: \u00faltimo quartel do s\u00e9culo XVIII<\/p>\n<p>&nbsp;<\/p>\n<p>Dimens\u00f5es: 112 x 112 cm<\/p>\n<p>&nbsp;<\/p>\n<p>Composi\u00e7\u00e3o de cesto de frutas e flores com cercadura de azulejos pombalinos.<\/p>\n","protected":false},"excerpt":{"rendered":"<p>Per\u00edodo: \u00faltimo quartel do s\u00e9culo XVIII &nbsp; Dimens\u00f5es: 112 x 112 cm &nbsp; Composi\u00e7\u00e3o de cesto de frutas e flores com cercadura de azulejos pombalinos.<\/p>\n","protected":false},"featured_media":5279,"template":"","meta":{"_acf_changed":false},"product_brand":[],"product_cat":[35,41,33,34],"product_tag":[53,37,38,55],"class_list":{"0":"post-5274","1":"product","2":"type-product","3":"status-publish","4":"has-post-thumbnail","6":"product_cat-amarelos","7":"product_cat-41","8":"product_cat-azul-e-branco","9":"product_cat-manganes","10":"product_tag-albarradas","11":"product_tag-azulejo-padrao","12":"product_tag-paineis-figurativos","13":"product_tag-pombalino","15":"first","16":"instock","17":"shipping-taxable","18":"product-type-simple"},"acf":[],"_links":{"self":[{"href":"https:\/\/doreytiles.pt\/pt-pt\/wp-json\/wp\/v2\/product\/5274","targetHints":{"allow":["GET"]}}],"collection":[{"href":"https:\/\/doreytiles.pt\/pt-pt\/wp-json\/wp\/v2\/product"}],"about":[{"href":"https:\/\/doreytiles.pt\/pt-pt\/wp-json\/wp\/v2\/types\/product"}],"wp:featuredmedia":[{"embeddable":true,"href":"https:\/\/doreytiles.pt\/pt-pt\/wp-json\/wp\/v2\/media\/5279"}],"wp:attachment":[{"href":"https:\/\/doreytiles.pt\/pt-pt\/wp-json\/wp\/v2\/media?parent=5274"}],"wp:term":[{"taxonomy":"product_brand","embeddable":true,"href":"https:\/\/doreytiles.pt\/pt-pt\/wp-json\/wp\/v2\/product_brand?post=5274"},{"taxonomy":"product_cat","embeddable":true,"href":"https:\/\/doreytiles.pt\/pt-pt\/wp-json\/wp\/v2\/product_cat?post=5274"},{"taxonomy":"product_tag","embeddable":true,"href":"https:\/\/doreytiles.pt\/pt-pt\/wp-json\/wp\/v2\/product_tag?post=5274"}],"curies":[{"name":"wp","href":"https:\/\/api.w.org\/{rel}","templated":true}]}}