{"id":5282,"date":"2025-08-13T17:18:15","date_gmt":"2025-08-13T17:18:15","guid":{"rendered":"https:\/\/doreytiles.pt\/?post_type=product&#038;p=5282"},"modified":"2025-08-15T10:13:14","modified_gmt":"2025-08-15T10:13:14","slug":"albarrada-seculo-xviii-6","status":"publish","type":"product","link":"https:\/\/doreytiles.pt\/pt-pt\/product\/albarrada-seculo-xviii-6\/","title":{"rendered":"Albarrada, S\u00e9culo XVIII (6)"},"content":{"rendered":"<p>Per\u00edodo: S\u00e9culo XVIII<\/p>\n<pre><\/pre>\n<p>Dimens\u00f5es: 98 x 126 cm<\/p>\n<pre><\/pre>\n<p>Painel de azulejos, datado do s\u00e9culo XVIII, composto por uma composi\u00e7\u00e3o central, uma Albarrada (vaso florido), ladeado de Puttis e querubins.<\/p>\n","protected":false},"excerpt":{"rendered":"<p>Per\u00edodo: S\u00e9culo XVIII Dimens\u00f5es: 98 x 126 cm Painel de azulejos, datado do s\u00e9culo XVIII, composto por uma composi\u00e7\u00e3o central, uma Albarrada (vaso florido), ladeado de Puttis e querubins.<\/p>\n","protected":false},"featured_media":5287,"template":"","meta":{"_acf_changed":false},"product_brand":[],"product_cat":[33,41,47],"product_tag":[53,38],"class_list":{"0":"post-5282","1":"product","2":"type-product","3":"status-publish","4":"has-post-thumbnail","6":"product_cat-azul-e-branco","7":"product_cat-41","8":"product_cat-xviii","9":"product_tag-albarradas","10":"product_tag-paineis-figurativos","12":"first","13":"instock","14":"shipping-taxable","15":"product-type-simple"},"acf":[],"_links":{"self":[{"href":"https:\/\/doreytiles.pt\/pt-pt\/wp-json\/wp\/v2\/product\/5282","targetHints":{"allow":["GET"]}}],"collection":[{"href":"https:\/\/doreytiles.pt\/pt-pt\/wp-json\/wp\/v2\/product"}],"about":[{"href":"https:\/\/doreytiles.pt\/pt-pt\/wp-json\/wp\/v2\/types\/product"}],"wp:featuredmedia":[{"embeddable":true,"href":"https:\/\/doreytiles.pt\/pt-pt\/wp-json\/wp\/v2\/media\/5287"}],"wp:attachment":[{"href":"https:\/\/doreytiles.pt\/pt-pt\/wp-json\/wp\/v2\/media?parent=5282"}],"wp:term":[{"taxonomy":"product_brand","embeddable":true,"href":"https:\/\/doreytiles.pt\/pt-pt\/wp-json\/wp\/v2\/product_brand?post=5282"},{"taxonomy":"product_cat","embeddable":true,"href":"https:\/\/doreytiles.pt\/pt-pt\/wp-json\/wp\/v2\/product_cat?post=5282"},{"taxonomy":"product_tag","embeddable":true,"href":"https:\/\/doreytiles.pt\/pt-pt\/wp-json\/wp\/v2\/product_tag?post=5282"}],"curies":[{"name":"wp","href":"https:\/\/api.w.org\/{rel}","templated":true}]}}