{"id":5296,"date":"2025-08-14T09:30:19","date_gmt":"2025-08-14T09:30:19","guid":{"rendered":"https:\/\/doreytiles.pt\/?post_type=product&#038;p=5296"},"modified":"2025-08-15T10:13:24","modified_gmt":"2025-08-15T10:13:24","slug":"composicao-hispano-mourisca-4-sec-xvi","status":"publish","type":"product","link":"https:\/\/doreytiles.pt\/pt-pt\/product\/composicao-hispano-mourisca-4-sec-xvi\/","title":{"rendered":"Composi\u00e7\u00e3o Hispano-mourisca (4), S\u00e9c. XVI"},"content":{"rendered":"<p>Per\u00edodo: S\u00e9culos XV\/XVI<\/p>\n<pre><\/pre>\n<p>Dimens\u00f5es: 35 x 16 cm<\/p>\n<pre><\/pre>\n<p>Composi\u00e7\u00e3o de azulejos hispano-mouriscos, datado do s\u00e9culo XV \/ XVI, com cercadura de azulejos verdes e brancos.\u00a0 A composi\u00e7\u00e3o central apresenta um padr\u00e3o de inspira\u00e7\u00e3o geom\u00e9trica, em tons de verde, azul cobalto e mangan\u00eas, t\u00edpicos da produ\u00e7\u00e3o influenciada pela tradi\u00e7\u00e3o \u00e1rabe na Pen\u00ednsula Ib\u00e9rica.<\/p>\n","protected":false},"excerpt":{"rendered":"<p>Per\u00edodo: S\u00e9culos XV\/XVI Dimens\u00f5es: 35 x 16 cm Composi\u00e7\u00e3o de azulejos hispano-mouriscos, datado do s\u00e9culo XV \/ XVI, com cercadura de azulejos verdes e brancos.\u00a0 A composi\u00e7\u00e3o central apresenta um padr\u00e3o de inspira\u00e7\u00e3o geom\u00e9trica, em tons de verde, azul cobalto e mangan\u00eas, t\u00edpicos da produ\u00e7\u00e3o influenciada pela tradi\u00e7\u00e3o \u00e1rabe na Pen\u00ednsula Ib\u00e9rica.<\/p>\n","protected":false},"featured_media":5303,"template":"","meta":{"_acf_changed":false},"product_brand":[],"product_cat":[35,44,33,49],"product_tag":[37,56],"class_list":{"0":"post-5296","1":"product","2":"type-product","3":"status-publish","4":"has-post-thumbnail","6":"product_cat-amarelos","7":"product_cat-44","8":"product_cat-azul-e-branco","9":"product_cat-xvi","10":"product_tag-azulejo-padrao","11":"product_tag-hispano-mourisco","13":"first","14":"instock","15":"shipping-taxable","16":"product-type-simple"},"acf":[],"_links":{"self":[{"href":"https:\/\/doreytiles.pt\/pt-pt\/wp-json\/wp\/v2\/product\/5296","targetHints":{"allow":["GET"]}}],"collection":[{"href":"https:\/\/doreytiles.pt\/pt-pt\/wp-json\/wp\/v2\/product"}],"about":[{"href":"https:\/\/doreytiles.pt\/pt-pt\/wp-json\/wp\/v2\/types\/product"}],"wp:featuredmedia":[{"embeddable":true,"href":"https:\/\/doreytiles.pt\/pt-pt\/wp-json\/wp\/v2\/media\/5303"}],"wp:attachment":[{"href":"https:\/\/doreytiles.pt\/pt-pt\/wp-json\/wp\/v2\/media?parent=5296"}],"wp:term":[{"taxonomy":"product_brand","embeddable":true,"href":"https:\/\/doreytiles.pt\/pt-pt\/wp-json\/wp\/v2\/product_brand?post=5296"},{"taxonomy":"product_cat","embeddable":true,"href":"https:\/\/doreytiles.pt\/pt-pt\/wp-json\/wp\/v2\/product_cat?post=5296"},{"taxonomy":"product_tag","embeddable":true,"href":"https:\/\/doreytiles.pt\/pt-pt\/wp-json\/wp\/v2\/product_tag?post=5296"}],"curies":[{"name":"wp","href":"https:\/\/api.w.org\/{rel}","templated":true}]}}