{"id":5390,"date":"2025-08-20T15:04:10","date_gmt":"2025-08-20T15:04:10","guid":{"rendered":"https:\/\/doreytiles.pt\/?post_type=product&#038;p=5390"},"modified":"2025-08-22T10:11:57","modified_gmt":"2025-08-22T10:11:57","slug":"painel-com-cena-do-quotidiano-sec-xviii","status":"publish","type":"product","link":"https:\/\/doreytiles.pt\/pt-pt\/product\/painel-com-cena-do-quotidiano-sec-xviii\/","title":{"rendered":"Painel com cena do quotidiano e peixes, S\u00e9c. XVIII"},"content":{"rendered":"<p>Per\u00edodo: Final do s\u00e9culo XVIII<\/p>\n<pre><\/pre>\n<p>Dimens\u00f5es: 84 x 168 cm<\/p>\n<pre><\/pre>\n<p>Painel de azulejos do final do s\u00e9culo XVIII que representa uma cena do quotidiano entre aristocratas. Ter\u00e1 sido usado em pal\u00e1cios e casas nobres.<\/p>\n","protected":false},"excerpt":{"rendered":"<p>Per\u00edodo: Final do s\u00e9culo XVIII Dimens\u00f5es: 84 x 168 cm Painel de azulejos do final do s\u00e9culo XVIII que representa uma cena do quotidiano entre aristocratas. Ter\u00e1 sido usado em pal\u00e1cios e casas nobres.<\/p>\n","protected":false},"featured_media":4147,"template":"","meta":{"_acf_changed":false},"product_brand":[],"product_cat":[35,41,34,47],"product_tag":[38],"class_list":{"0":"post-5390","1":"product","2":"type-product","3":"status-publish","4":"has-post-thumbnail","6":"product_cat-amarelos","7":"product_cat-41","8":"product_cat-manganes","9":"product_cat-xviii","10":"product_tag-paineis-figurativos","12":"first","13":"instock","14":"shipping-taxable","15":"product-type-simple"},"acf":[],"_links":{"self":[{"href":"https:\/\/doreytiles.pt\/pt-pt\/wp-json\/wp\/v2\/product\/5390","targetHints":{"allow":["GET"]}}],"collection":[{"href":"https:\/\/doreytiles.pt\/pt-pt\/wp-json\/wp\/v2\/product"}],"about":[{"href":"https:\/\/doreytiles.pt\/pt-pt\/wp-json\/wp\/v2\/types\/product"}],"wp:featuredmedia":[{"embeddable":true,"href":"https:\/\/doreytiles.pt\/pt-pt\/wp-json\/wp\/v2\/media\/4147"}],"wp:attachment":[{"href":"https:\/\/doreytiles.pt\/pt-pt\/wp-json\/wp\/v2\/media?parent=5390"}],"wp:term":[{"taxonomy":"product_brand","embeddable":true,"href":"https:\/\/doreytiles.pt\/pt-pt\/wp-json\/wp\/v2\/product_brand?post=5390"},{"taxonomy":"product_cat","embeddable":true,"href":"https:\/\/doreytiles.pt\/pt-pt\/wp-json\/wp\/v2\/product_cat?post=5390"},{"taxonomy":"product_tag","embeddable":true,"href":"https:\/\/doreytiles.pt\/pt-pt\/wp-json\/wp\/v2\/product_tag?post=5390"}],"curies":[{"name":"wp","href":"https:\/\/api.w.org\/{rel}","templated":true}]}}