{"id":5392,"date":"2025-08-20T15:16:36","date_gmt":"2025-08-20T15:16:36","guid":{"rendered":"https:\/\/doreytiles.pt\/?post_type=product&#038;p=5392"},"modified":"2025-08-22T10:14:44","modified_gmt":"2025-08-22T10:14:44","slug":"painel-com-putti-sec-xviii","status":"publish","type":"product","link":"https:\/\/doreytiles.pt\/pt-pt\/product\/painel-com-putti-sec-xviii\/","title":{"rendered":"Painel com Putti, S\u00e9c. XVIII"},"content":{"rendered":"<p>Per\u00edodo: S\u00e9culo XVIII<\/p>\n<pre><\/pre>\n<p>Dimens\u00f5es: 42 x 56 cm<\/p>\n<pre><\/pre>\n<p>Painel do s\u00e9culo XVIII com desenho de Putti rodeado de elementos vegetalistas e florais, s\u00edmbolo de abund\u00e2ncia.<\/p>\n","protected":false},"excerpt":{"rendered":"<p>Per\u00edodo: S\u00e9culo XVIII Dimens\u00f5es: 42 x 56 cm Painel do s\u00e9culo XVIII com desenho de Putti rodeado de elementos vegetalistas e florais, s\u00edmbolo de abund\u00e2ncia.<\/p>\n","protected":false},"featured_media":4203,"template":"","meta":{"_acf_changed":false},"product_brand":[],"product_cat":[33,45,47],"product_tag":[38],"class_list":{"0":"post-5392","1":"product","2":"type-product","3":"status-publish","4":"has-post-thumbnail","6":"product_cat-azul-e-branco","7":"product_cat-45","8":"product_cat-xviii","9":"product_tag-paineis-figurativos","11":"first","12":"instock","13":"shipping-taxable","14":"product-type-simple"},"acf":[],"_links":{"self":[{"href":"https:\/\/doreytiles.pt\/pt-pt\/wp-json\/wp\/v2\/product\/5392","targetHints":{"allow":["GET"]}}],"collection":[{"href":"https:\/\/doreytiles.pt\/pt-pt\/wp-json\/wp\/v2\/product"}],"about":[{"href":"https:\/\/doreytiles.pt\/pt-pt\/wp-json\/wp\/v2\/types\/product"}],"wp:featuredmedia":[{"embeddable":true,"href":"https:\/\/doreytiles.pt\/pt-pt\/wp-json\/wp\/v2\/media\/4203"}],"wp:attachment":[{"href":"https:\/\/doreytiles.pt\/pt-pt\/wp-json\/wp\/v2\/media?parent=5392"}],"wp:term":[{"taxonomy":"product_brand","embeddable":true,"href":"https:\/\/doreytiles.pt\/pt-pt\/wp-json\/wp\/v2\/product_brand?post=5392"},{"taxonomy":"product_cat","embeddable":true,"href":"https:\/\/doreytiles.pt\/pt-pt\/wp-json\/wp\/v2\/product_cat?post=5392"},{"taxonomy":"product_tag","embeddable":true,"href":"https:\/\/doreytiles.pt\/pt-pt\/wp-json\/wp\/v2\/product_tag?post=5392"}],"curies":[{"name":"wp","href":"https:\/\/api.w.org\/{rel}","templated":true}]}}