{"id":5418,"date":"2025-08-21T09:53:53","date_gmt":"2025-08-21T09:53:53","guid":{"rendered":"https:\/\/doreytiles.pt\/?post_type=product&#038;p=5418"},"modified":"2025-08-22T10:17:39","modified_gmt":"2025-08-22T10:17:39","slug":"cena-do-quotidiano-sec-xviii-2","status":"publish","type":"product","link":"https:\/\/doreytiles.pt\/pt-pt\/product\/cena-do-quotidiano-sec-xviii-2\/","title":{"rendered":"Cena do quotidiano, Nobres \u00e0 conversa, S\u00e9c. XVIII"},"content":{"rendered":"<p>Per\u00edodo: S\u00e9culo XVIII<\/p>\n<pre><\/pre>\n<p>Dimens\u00f5es: 56 x 154 cm<\/p>\n<pre><\/pre>\n<p>Painel do s\u00e9culo XVIII que representa uma cena do quotidiano. Usado em pal\u00e1cios e casas nobres<\/p>\n","protected":false},"excerpt":{"rendered":"<p>Per\u00edodo: S\u00e9culo XVIII Dimens\u00f5es: 56 x 154 cm Painel do s\u00e9culo XVIII que representa uma cena do quotidiano. Usado em pal\u00e1cios e casas nobres<\/p>\n","protected":false},"featured_media":5419,"template":"","meta":{"_acf_changed":false},"product_brand":[],"product_cat":[33,41,47],"product_tag":[38],"class_list":{"0":"post-5418","1":"product","2":"type-product","3":"status-publish","4":"has-post-thumbnail","6":"product_cat-azul-e-branco","7":"product_cat-41","8":"product_cat-xviii","9":"product_tag-paineis-figurativos","11":"first","12":"instock","13":"shipping-taxable","14":"product-type-simple"},"acf":[],"_links":{"self":[{"href":"https:\/\/doreytiles.pt\/pt-pt\/wp-json\/wp\/v2\/product\/5418","targetHints":{"allow":["GET"]}}],"collection":[{"href":"https:\/\/doreytiles.pt\/pt-pt\/wp-json\/wp\/v2\/product"}],"about":[{"href":"https:\/\/doreytiles.pt\/pt-pt\/wp-json\/wp\/v2\/types\/product"}],"wp:featuredmedia":[{"embeddable":true,"href":"https:\/\/doreytiles.pt\/pt-pt\/wp-json\/wp\/v2\/media\/5419"}],"wp:attachment":[{"href":"https:\/\/doreytiles.pt\/pt-pt\/wp-json\/wp\/v2\/media?parent=5418"}],"wp:term":[{"taxonomy":"product_brand","embeddable":true,"href":"https:\/\/doreytiles.pt\/pt-pt\/wp-json\/wp\/v2\/product_brand?post=5418"},{"taxonomy":"product_cat","embeddable":true,"href":"https:\/\/doreytiles.pt\/pt-pt\/wp-json\/wp\/v2\/product_cat?post=5418"},{"taxonomy":"product_tag","embeddable":true,"href":"https:\/\/doreytiles.pt\/pt-pt\/wp-json\/wp\/v2\/product_tag?post=5418"}],"curies":[{"name":"wp","href":"https:\/\/api.w.org\/{rel}","templated":true}]}}