{"id":5433,"date":"2025-08-21T10:26:36","date_gmt":"2025-08-21T10:26:36","guid":{"rendered":"https:\/\/doreytiles.pt\/?post_type=product&#038;p=5433"},"modified":"2025-08-22T10:13:43","modified_gmt":"2025-08-22T10:13:43","slug":"5433","status":"publish","type":"product","link":"https:\/\/doreytiles.pt\/pt-pt\/product\/5433\/","title":{"rendered":"Est\u00e1tua de mulher, S\u00e9culo XIX\/XX"},"content":{"rendered":"<p>Per\u00edodo: S\u00e9culos XIX\/XX<\/p>\n<pre><\/pre>\n<p>Dimens\u00f5es: 140 cm<\/p>\n<pre><\/pre>\n<p>Esta est\u00e1tua representa uma figura feminina vestida com t\u00fanica cl\u00e1ssica, com dobras e amarra\u00e7\u00e3o na cintura. Segura um martelo na m\u00e3o direita, o que pode simbolizar trabalho, artesanato ou constru\u00e7\u00e3o. O estilo \u00e9 inspirado em esculturas greco-romanas, com postura serena e fei\u00e7\u00f5es idealizadas.<\/p>\n","protected":false},"excerpt":{"rendered":"<p>Per\u00edodo: S\u00e9culos XIX\/XX Dimens\u00f5es: 140 cm Esta est\u00e1tua representa uma figura feminina vestida com t\u00fanica cl\u00e1ssica, com dobras e amarra\u00e7\u00e3o na cintura. Segura um martelo na m\u00e3o direita, o que pode simbolizar trabalho, artesanato ou constru\u00e7\u00e3o. O estilo \u00e9 inspirado em esculturas greco-romanas, com postura serena e fei\u00e7\u00f5es idealizadas.<\/p>\n","protected":false},"featured_media":2963,"template":"","meta":{"_acf_changed":false},"product_brand":[],"product_cat":[50,42,48],"product_tag":[59],"class_list":{"0":"post-5433","1":"product","2":"type-product","3":"status-publish","4":"has-post-thumbnail","6":"product_cat-xx","7":"product_cat-42","8":"product_cat-xix","9":"product_tag-faianca","11":"first","12":"instock","13":"shipping-taxable","14":"product-type-simple"},"acf":[],"_links":{"self":[{"href":"https:\/\/doreytiles.pt\/pt-pt\/wp-json\/wp\/v2\/product\/5433","targetHints":{"allow":["GET"]}}],"collection":[{"href":"https:\/\/doreytiles.pt\/pt-pt\/wp-json\/wp\/v2\/product"}],"about":[{"href":"https:\/\/doreytiles.pt\/pt-pt\/wp-json\/wp\/v2\/types\/product"}],"wp:featuredmedia":[{"embeddable":true,"href":"https:\/\/doreytiles.pt\/pt-pt\/wp-json\/wp\/v2\/media\/2963"}],"wp:attachment":[{"href":"https:\/\/doreytiles.pt\/pt-pt\/wp-json\/wp\/v2\/media?parent=5433"}],"wp:term":[{"taxonomy":"product_brand","embeddable":true,"href":"https:\/\/doreytiles.pt\/pt-pt\/wp-json\/wp\/v2\/product_brand?post=5433"},{"taxonomy":"product_cat","embeddable":true,"href":"https:\/\/doreytiles.pt\/pt-pt\/wp-json\/wp\/v2\/product_cat?post=5433"},{"taxonomy":"product_tag","embeddable":true,"href":"https:\/\/doreytiles.pt\/pt-pt\/wp-json\/wp\/v2\/product_tag?post=5433"}],"curies":[{"name":"wp","href":"https:\/\/api.w.org\/{rel}","templated":true}]}}