{"id":5436,"date":"2025-08-21T10:35:11","date_gmt":"2025-08-21T10:35:11","guid":{"rendered":"https:\/\/doreytiles.pt\/?post_type=product&#038;p=5436"},"modified":"2025-08-22T12:54:21","modified_gmt":"2025-08-22T12:54:21","slug":"urna-em-faianca-fabrica-das-devezas-porto-sec-xix","status":"publish","type":"product","link":"https:\/\/doreytiles.pt\/pt-pt\/product\/urna-em-faianca-fabrica-das-devezas-porto-sec-xix\/","title":{"rendered":"Urna em faian\u00e7a, F\u00e1brica das Devezas, Porto, S\u00e9c. XIX"},"content":{"rendered":"<p>Per\u00edodo: S\u00e9culo XIX<\/p>\n<pre><\/pre>\n<p>Dimens\u00f5es 96 cm<\/p>\n<pre><\/pre>\n<p>Urna em Faian\u00e7a vidrada produzida pela antiga F\u00e1brica de Cer\u00e2mica das Devezas no Porto.<\/p>\n","protected":false},"excerpt":{"rendered":"<p>Per\u00edodo: S\u00e9culo XIX Dimens\u00f5es 96 cm Urna em Faian\u00e7a vidrada produzida pela antiga F\u00e1brica de Cer\u00e2mica das Devezas no Porto.<\/p>\n","protected":false},"featured_media":3191,"template":"","meta":{"_acf_changed":false},"product_brand":[],"product_cat":[48,42],"product_tag":[59],"class_list":{"0":"post-5436","1":"product","2":"type-product","3":"status-publish","4":"has-post-thumbnail","6":"product_cat-xix","7":"product_cat-42","8":"product_tag-faianca","10":"first","11":"instock","12":"shipping-taxable","13":"product-type-simple"},"acf":[],"_links":{"self":[{"href":"https:\/\/doreytiles.pt\/pt-pt\/wp-json\/wp\/v2\/product\/5436","targetHints":{"allow":["GET"]}}],"collection":[{"href":"https:\/\/doreytiles.pt\/pt-pt\/wp-json\/wp\/v2\/product"}],"about":[{"href":"https:\/\/doreytiles.pt\/pt-pt\/wp-json\/wp\/v2\/types\/product"}],"wp:featuredmedia":[{"embeddable":true,"href":"https:\/\/doreytiles.pt\/pt-pt\/wp-json\/wp\/v2\/media\/3191"}],"wp:attachment":[{"href":"https:\/\/doreytiles.pt\/pt-pt\/wp-json\/wp\/v2\/media?parent=5436"}],"wp:term":[{"taxonomy":"product_brand","embeddable":true,"href":"https:\/\/doreytiles.pt\/pt-pt\/wp-json\/wp\/v2\/product_brand?post=5436"},{"taxonomy":"product_cat","embeddable":true,"href":"https:\/\/doreytiles.pt\/pt-pt\/wp-json\/wp\/v2\/product_cat?post=5436"},{"taxonomy":"product_tag","embeddable":true,"href":"https:\/\/doreytiles.pt\/pt-pt\/wp-json\/wp\/v2\/product_tag?post=5436"}],"curies":[{"name":"wp","href":"https:\/\/api.w.org\/{rel}","templated":true}]}}