{"id":5438,"date":"2025-08-21T10:50:25","date_gmt":"2025-08-21T10:50:25","guid":{"rendered":"https:\/\/doreytiles.pt\/?post_type=product&#038;p=5438"},"modified":"2025-08-22T10:13:18","modified_gmt":"2025-08-22T10:13:18","slug":"pia-em-pedra-lioz-sec-xvii","status":"publish","type":"product","link":"https:\/\/doreytiles.pt\/pt-pt\/product\/pia-em-pedra-lioz-sec-xvii\/","title":{"rendered":"Pia em Pedra Lioz, S\u00e9c. XVII"},"content":{"rendered":"<p>Per\u00edodo: S\u00e9culo XVII<\/p>\n<pre><\/pre>\n<p>Dimens\u00f5es: 35 x 40 cm<\/p>\n<pre><\/pre>\n<p>Pia em\u00a0 Pedra Lioz rosa do s\u00e9culo XVII. Usada em igrejas e pal\u00e1cios.<\/p>\n","protected":false},"excerpt":{"rendered":"<p>Per\u00edodo: S\u00e9culo XVII Dimens\u00f5es: 35 x 40 cm Pia em\u00a0 Pedra Lioz rosa do s\u00e9culo XVII. Usada em igrejas e pal\u00e1cios.<\/p>\n","protected":false},"featured_media":2925,"template":"","meta":{"_acf_changed":false},"product_brand":[],"product_cat":[46,42],"product_tag":[60],"class_list":{"0":"post-5438","1":"product","2":"type-product","3":"status-publish","4":"has-post-thumbnail","6":"product_cat-xvii","7":"product_cat-42","8":"product_tag-pedras","10":"first","11":"instock","12":"shipping-taxable","13":"product-type-simple"},"acf":[],"_links":{"self":[{"href":"https:\/\/doreytiles.pt\/pt-pt\/wp-json\/wp\/v2\/product\/5438","targetHints":{"allow":["GET"]}}],"collection":[{"href":"https:\/\/doreytiles.pt\/pt-pt\/wp-json\/wp\/v2\/product"}],"about":[{"href":"https:\/\/doreytiles.pt\/pt-pt\/wp-json\/wp\/v2\/types\/product"}],"wp:featuredmedia":[{"embeddable":true,"href":"https:\/\/doreytiles.pt\/pt-pt\/wp-json\/wp\/v2\/media\/2925"}],"wp:attachment":[{"href":"https:\/\/doreytiles.pt\/pt-pt\/wp-json\/wp\/v2\/media?parent=5438"}],"wp:term":[{"taxonomy":"product_brand","embeddable":true,"href":"https:\/\/doreytiles.pt\/pt-pt\/wp-json\/wp\/v2\/product_brand?post=5438"},{"taxonomy":"product_cat","embeddable":true,"href":"https:\/\/doreytiles.pt\/pt-pt\/wp-json\/wp\/v2\/product_cat?post=5438"},{"taxonomy":"product_tag","embeddable":true,"href":"https:\/\/doreytiles.pt\/pt-pt\/wp-json\/wp\/v2\/product_tag?post=5438"}],"curies":[{"name":"wp","href":"https:\/\/api.w.org\/{rel}","templated":true}]}}