{"id":5726,"date":"2025-08-28T14:47:18","date_gmt":"2025-08-28T14:47:18","guid":{"rendered":"https:\/\/doreytiles.pt\/?post_type=product&#038;p=5726"},"modified":"2025-08-28T20:09:05","modified_gmt":"2025-08-28T20:09:05","slug":"vaso-com-cabeca-de-carneiro-sec-xix","status":"publish","type":"product","link":"https:\/\/doreytiles.pt\/pt-pt\/product\/vaso-com-cabeca-de-carneiro-sec-xix\/","title":{"rendered":"Par de Vasos com cabe\u00e7a de Carneiro, S\u00e9c. XIX"},"content":{"rendered":"<p>Per\u00edodo: S\u00e9culo XIX<\/p>\n<pre><\/pre>\n<p>Dimens\u00f5es: 80 cm<\/p>\n<pre><\/pre>\n<p>Par de vasos em Bronze do s\u00e9culo XIX com cabe\u00e7a de carneiro, utilizado sobretudo em jardins p\u00fablicos e privados<\/p>\n","protected":false},"excerpt":{"rendered":"<p>Per\u00edodo: S\u00e9culo XIX Dimens\u00f5es: 80 cm Par de vasos em Bronze do s\u00e9culo XIX com cabe\u00e7a de carneiro, utilizado sobretudo em jardins p\u00fablicos e privados<\/p>\n","protected":false},"featured_media":5582,"template":"","meta":{"_acf_changed":false},"product_brand":[],"product_cat":[48,42],"product_tag":[],"class_list":{"0":"post-5726","1":"product","2":"type-product","3":"status-publish","4":"has-post-thumbnail","6":"product_cat-xix","7":"product_cat-42","9":"first","10":"instock","11":"shipping-taxable","12":"product-type-simple"},"acf":[],"_links":{"self":[{"href":"https:\/\/doreytiles.pt\/pt-pt\/wp-json\/wp\/v2\/product\/5726","targetHints":{"allow":["GET"]}}],"collection":[{"href":"https:\/\/doreytiles.pt\/pt-pt\/wp-json\/wp\/v2\/product"}],"about":[{"href":"https:\/\/doreytiles.pt\/pt-pt\/wp-json\/wp\/v2\/types\/product"}],"wp:featuredmedia":[{"embeddable":true,"href":"https:\/\/doreytiles.pt\/pt-pt\/wp-json\/wp\/v2\/media\/5582"}],"wp:attachment":[{"href":"https:\/\/doreytiles.pt\/pt-pt\/wp-json\/wp\/v2\/media?parent=5726"}],"wp:term":[{"taxonomy":"product_brand","embeddable":true,"href":"https:\/\/doreytiles.pt\/pt-pt\/wp-json\/wp\/v2\/product_brand?post=5726"},{"taxonomy":"product_cat","embeddable":true,"href":"https:\/\/doreytiles.pt\/pt-pt\/wp-json\/wp\/v2\/product_cat?post=5726"},{"taxonomy":"product_tag","embeddable":true,"href":"https:\/\/doreytiles.pt\/pt-pt\/wp-json\/wp\/v2\/product_tag?post=5726"}],"curies":[{"name":"wp","href":"https:\/\/api.w.org\/{rel}","templated":true}]}}