{"id":5728,"date":"2025-08-28T14:55:16","date_gmt":"2025-08-28T14:55:16","guid":{"rendered":"https:\/\/doreytiles.pt\/?post_type=product&#038;p=5728"},"modified":"2025-08-28T20:01:46","modified_gmt":"2025-08-28T20:01:46","slug":"mural-de-pedra-com-cena-do-quotidiano-sec-xx","status":"publish","type":"product","link":"https:\/\/doreytiles.pt\/pt-pt\/product\/mural-de-pedra-com-cena-do-quotidiano-sec-xx\/","title":{"rendered":"Mural de Gesso com cena do quotidiano, S\u00e9c. XX"},"content":{"rendered":"<p>Per\u00edodo: S\u00e9culo XX<\/p>\n<pre><\/pre>\n<p>Dimens\u00f5es: 60 x 80 cm<\/p>\n<pre><\/pre>\n<p>Mural de pedra com cena do quotidiano.<\/p>\n","protected":false},"excerpt":{"rendered":"<p>Per\u00edodo: S\u00e9culo XX Dimens\u00f5es: 60 x 80 cm Mural de pedra com cena do quotidiano.<\/p>\n","protected":false},"featured_media":5590,"template":"","meta":{"_acf_changed":false},"product_brand":[],"product_cat":[44,50],"product_tag":[60],"class_list":{"0":"post-5728","1":"product","2":"type-product","3":"status-publish","4":"has-post-thumbnail","6":"product_cat-44","7":"product_cat-xx","8":"product_tag-pedras","10":"first","11":"instock","12":"shipping-taxable","13":"product-type-simple"},"acf":[],"_links":{"self":[{"href":"https:\/\/doreytiles.pt\/pt-pt\/wp-json\/wp\/v2\/product\/5728","targetHints":{"allow":["GET"]}}],"collection":[{"href":"https:\/\/doreytiles.pt\/pt-pt\/wp-json\/wp\/v2\/product"}],"about":[{"href":"https:\/\/doreytiles.pt\/pt-pt\/wp-json\/wp\/v2\/types\/product"}],"wp:featuredmedia":[{"embeddable":true,"href":"https:\/\/doreytiles.pt\/pt-pt\/wp-json\/wp\/v2\/media\/5590"}],"wp:attachment":[{"href":"https:\/\/doreytiles.pt\/pt-pt\/wp-json\/wp\/v2\/media?parent=5728"}],"wp:term":[{"taxonomy":"product_brand","embeddable":true,"href":"https:\/\/doreytiles.pt\/pt-pt\/wp-json\/wp\/v2\/product_brand?post=5728"},{"taxonomy":"product_cat","embeddable":true,"href":"https:\/\/doreytiles.pt\/pt-pt\/wp-json\/wp\/v2\/product_cat?post=5728"},{"taxonomy":"product_tag","embeddable":true,"href":"https:\/\/doreytiles.pt\/pt-pt\/wp-json\/wp\/v2\/product_tag?post=5728"}],"curies":[{"name":"wp","href":"https:\/\/api.w.org\/{rel}","templated":true}]}}