{"id":5731,"date":"2025-08-28T15:35:30","date_gmt":"2025-08-28T15:35:30","guid":{"rendered":"https:\/\/doreytiles.pt\/?post_type=product&#038;p=5731"},"modified":"2025-08-28T20:01:37","modified_gmt":"2025-08-28T20:01:37","slug":"conjunto-de-vasos-e-bilhas","status":"publish","type":"product","link":"https:\/\/doreytiles.pt\/pt-pt\/product\/conjunto-de-vasos-e-bilhas\/","title":{"rendered":"Conjunto de Vasos e Bilhas"},"content":{"rendered":"<p>Per\u00edodo: S\u00e9culo XVIII &#8211; XX<\/p>\n<pre><\/pre>\n<p>Dimens\u00f5es: diversas dimens\u00f5es<\/p>\n<pre><\/pre>\n<p>Conjunto de vasos e bilhas, vidradas ou n\u00e3o, podendo ser adquiridas individualmente.<\/p>\n<pre><\/pre>\n<p>Existem mais modelos.<\/p>\n","protected":false},"excerpt":{"rendered":"<p>Per\u00edodo: S\u00e9culo XVIII &#8211; XX Dimens\u00f5es: diversas dimens\u00f5es Conjunto de vasos e bilhas, vidradas ou n\u00e3o, podendo ser adquiridas individualmente. Existem mais modelos.<\/p>\n","protected":false},"featured_media":5626,"template":"","meta":{"_acf_changed":false},"product_brand":[],"product_cat":[42,44,48,50],"product_tag":[59],"class_list":{"0":"post-5731","1":"product","2":"type-product","3":"status-publish","4":"has-post-thumbnail","6":"product_cat-42","7":"product_cat-44","8":"product_cat-xix","9":"product_cat-xx","10":"product_tag-faianca","12":"first","13":"instock","14":"shipping-taxable","15":"product-type-simple"},"acf":[],"_links":{"self":[{"href":"https:\/\/doreytiles.pt\/pt-pt\/wp-json\/wp\/v2\/product\/5731","targetHints":{"allow":["GET"]}}],"collection":[{"href":"https:\/\/doreytiles.pt\/pt-pt\/wp-json\/wp\/v2\/product"}],"about":[{"href":"https:\/\/doreytiles.pt\/pt-pt\/wp-json\/wp\/v2\/types\/product"}],"wp:featuredmedia":[{"embeddable":true,"href":"https:\/\/doreytiles.pt\/pt-pt\/wp-json\/wp\/v2\/media\/5626"}],"wp:attachment":[{"href":"https:\/\/doreytiles.pt\/pt-pt\/wp-json\/wp\/v2\/media?parent=5731"}],"wp:term":[{"taxonomy":"product_brand","embeddable":true,"href":"https:\/\/doreytiles.pt\/pt-pt\/wp-json\/wp\/v2\/product_brand?post=5731"},{"taxonomy":"product_cat","embeddable":true,"href":"https:\/\/doreytiles.pt\/pt-pt\/wp-json\/wp\/v2\/product_cat?post=5731"},{"taxonomy":"product_tag","embeddable":true,"href":"https:\/\/doreytiles.pt\/pt-pt\/wp-json\/wp\/v2\/product_tag?post=5731"}],"curies":[{"name":"wp","href":"https:\/\/api.w.org\/{rel}","templated":true}]}}