{"id":5732,"date":"2025-08-28T15:40:38","date_gmt":"2025-08-28T15:40:38","guid":{"rendered":"https:\/\/doreytiles.pt\/?post_type=product&#038;p=5732"},"modified":"2025-08-28T20:01:27","modified_gmt":"2025-08-28T20:01:27","slug":"par-de-leoes-em-marmore","status":"publish","type":"product","link":"https:\/\/doreytiles.pt\/pt-pt\/product\/par-de-leoes-em-marmore\/","title":{"rendered":"Par de Le\u00f5es em M\u00e1rmore"},"content":{"rendered":"<p>Per\u00edodo: S\u00e9culo XX<\/p>\n<pre><\/pre>\n<p>Dimens\u00f5es: 80 x 60 x 40 cm<\/p>\n<pre><\/pre>\n<p>Par de Le\u00f5es esculpidos em pedra m\u00e1rmore de cor rosa e cinzento.<\/p>\n<p>&nbsp;<\/p>\n","protected":false},"excerpt":{"rendered":"<p>Per\u00edodo: S\u00e9culo XX Dimens\u00f5es: 80 x 60 x 40 cm Par de Le\u00f5es esculpidos em pedra m\u00e1rmore de cor rosa e cinzento. &nbsp;<\/p>\n","protected":false},"featured_media":5664,"template":"","meta":{"_acf_changed":false},"product_brand":[],"product_cat":[42,50],"product_tag":[60],"class_list":{"0":"post-5732","1":"product","2":"type-product","3":"status-publish","4":"has-post-thumbnail","6":"product_cat-42","7":"product_cat-xx","8":"product_tag-pedras","10":"first","11":"instock","12":"shipping-taxable","13":"product-type-simple"},"acf":[],"_links":{"self":[{"href":"https:\/\/doreytiles.pt\/pt-pt\/wp-json\/wp\/v2\/product\/5732","targetHints":{"allow":["GET"]}}],"collection":[{"href":"https:\/\/doreytiles.pt\/pt-pt\/wp-json\/wp\/v2\/product"}],"about":[{"href":"https:\/\/doreytiles.pt\/pt-pt\/wp-json\/wp\/v2\/types\/product"}],"wp:featuredmedia":[{"embeddable":true,"href":"https:\/\/doreytiles.pt\/pt-pt\/wp-json\/wp\/v2\/media\/5664"}],"wp:attachment":[{"href":"https:\/\/doreytiles.pt\/pt-pt\/wp-json\/wp\/v2\/media?parent=5732"}],"wp:term":[{"taxonomy":"product_brand","embeddable":true,"href":"https:\/\/doreytiles.pt\/pt-pt\/wp-json\/wp\/v2\/product_brand?post=5732"},{"taxonomy":"product_cat","embeddable":true,"href":"https:\/\/doreytiles.pt\/pt-pt\/wp-json\/wp\/v2\/product_cat?post=5732"},{"taxonomy":"product_tag","embeddable":true,"href":"https:\/\/doreytiles.pt\/pt-pt\/wp-json\/wp\/v2\/product_tag?post=5732"}],"curies":[{"name":"wp","href":"https:\/\/api.w.org\/{rel}","templated":true}]}}