{"id":5734,"date":"2025-08-28T15:50:23","date_gmt":"2025-08-28T15:50:23","guid":{"rendered":"https:\/\/doreytiles.pt\/?post_type=product&#038;p=5734"},"modified":"2025-08-28T20:01:06","modified_gmt":"2025-08-28T20:01:06","slug":"grades-de-janela-em-ferro-forjado-sec-xix","status":"publish","type":"product","link":"https:\/\/doreytiles.pt\/pt-pt\/product\/grades-de-janela-em-ferro-forjado-sec-xix\/","title":{"rendered":"Grades de janela em ferro forjado, S\u00e9c. XIX"},"content":{"rendered":"<p>Per\u00edodo: Finais do s\u00e9culo XIX<\/p>\n<pre><\/pre>\n<p>Dimens\u00f5es: 100 cm de di\u00e2metro (a confirmar)<\/p>\n<pre><\/pre>\n<p>Grades de janela em ferro forjado do s\u00e9culo XIX.<\/p>\n","protected":false},"excerpt":{"rendered":"<p>Per\u00edodo: Finais do s\u00e9culo XIX Dimens\u00f5es: 100 cm de di\u00e2metro (a confirmar) Grades de janela em ferro forjado do s\u00e9culo XIX.<\/p>\n","protected":false},"featured_media":5598,"template":"","meta":{"_acf_changed":false},"product_brand":[],"product_cat":[48,44],"product_tag":[],"class_list":{"0":"post-5734","1":"product","2":"type-product","3":"status-publish","4":"has-post-thumbnail","6":"product_cat-xix","7":"product_cat-44","9":"first","10":"instock","11":"shipping-taxable","12":"product-type-simple"},"acf":[],"_links":{"self":[{"href":"https:\/\/doreytiles.pt\/pt-pt\/wp-json\/wp\/v2\/product\/5734","targetHints":{"allow":["GET"]}}],"collection":[{"href":"https:\/\/doreytiles.pt\/pt-pt\/wp-json\/wp\/v2\/product"}],"about":[{"href":"https:\/\/doreytiles.pt\/pt-pt\/wp-json\/wp\/v2\/types\/product"}],"wp:featuredmedia":[{"embeddable":true,"href":"https:\/\/doreytiles.pt\/pt-pt\/wp-json\/wp\/v2\/media\/5598"}],"wp:attachment":[{"href":"https:\/\/doreytiles.pt\/pt-pt\/wp-json\/wp\/v2\/media?parent=5734"}],"wp:term":[{"taxonomy":"product_brand","embeddable":true,"href":"https:\/\/doreytiles.pt\/pt-pt\/wp-json\/wp\/v2\/product_brand?post=5734"},{"taxonomy":"product_cat","embeddable":true,"href":"https:\/\/doreytiles.pt\/pt-pt\/wp-json\/wp\/v2\/product_cat?post=5734"},{"taxonomy":"product_tag","embeddable":true,"href":"https:\/\/doreytiles.pt\/pt-pt\/wp-json\/wp\/v2\/product_tag?post=5734"}],"curies":[{"name":"wp","href":"https:\/\/api.w.org\/{rel}","templated":true}]}}