{"id":5737,"date":"2025-08-28T15:57:09","date_gmt":"2025-08-28T15:57:09","guid":{"rendered":"https:\/\/doreytiles.pt\/?post_type=product&#038;p=5737"},"modified":"2025-08-28T20:00:46","modified_gmt":"2025-08-28T20:00:46","slug":"banco-em-pedra-sec-xix","status":"publish","type":"product","link":"https:\/\/doreytiles.pt\/pt-pt\/product\/banco-em-pedra-sec-xix\/","title":{"rendered":"Banco em pedra, S\u00e9c. XIX"},"content":{"rendered":"<p>Per\u00edodo: S\u00e9culo XIX<\/p>\n<pre><\/pre>\n<p>Dimens\u00f5es: 100 x 40 cm (a confirmar)<\/p>\n<pre><\/pre>\n<p>Banco em pedra do s\u00e9culo XIX. Utilizado em espa\u00e7os exteriores sobretudo ruas e jardins.<\/p>\n","protected":false},"excerpt":{"rendered":"<p>Per\u00edodo: S\u00e9culo XIX Dimens\u00f5es: 100 x 40 cm (a confirmar) Banco em pedra do s\u00e9culo XIX. Utilizado em espa\u00e7os exteriores sobretudo ruas e jardins.<\/p>\n","protected":false},"featured_media":5608,"template":"","meta":{"_acf_changed":false},"product_brand":[],"product_cat":[48,42],"product_tag":[60],"class_list":{"0":"post-5737","1":"product","2":"type-product","3":"status-publish","4":"has-post-thumbnail","6":"product_cat-xix","7":"product_cat-42","8":"product_tag-pedras","10":"first","11":"instock","12":"shipping-taxable","13":"product-type-simple"},"acf":[],"_links":{"self":[{"href":"https:\/\/doreytiles.pt\/pt-pt\/wp-json\/wp\/v2\/product\/5737","targetHints":{"allow":["GET"]}}],"collection":[{"href":"https:\/\/doreytiles.pt\/pt-pt\/wp-json\/wp\/v2\/product"}],"about":[{"href":"https:\/\/doreytiles.pt\/pt-pt\/wp-json\/wp\/v2\/types\/product"}],"wp:featuredmedia":[{"embeddable":true,"href":"https:\/\/doreytiles.pt\/pt-pt\/wp-json\/wp\/v2\/media\/5608"}],"wp:attachment":[{"href":"https:\/\/doreytiles.pt\/pt-pt\/wp-json\/wp\/v2\/media?parent=5737"}],"wp:term":[{"taxonomy":"product_brand","embeddable":true,"href":"https:\/\/doreytiles.pt\/pt-pt\/wp-json\/wp\/v2\/product_brand?post=5737"},{"taxonomy":"product_cat","embeddable":true,"href":"https:\/\/doreytiles.pt\/pt-pt\/wp-json\/wp\/v2\/product_cat?post=5737"},{"taxonomy":"product_tag","embeddable":true,"href":"https:\/\/doreytiles.pt\/pt-pt\/wp-json\/wp\/v2\/product_tag?post=5737"}],"curies":[{"name":"wp","href":"https:\/\/api.w.org\/{rel}","templated":true}]}}