{"id":5741,"date":"2025-08-28T16:15:31","date_gmt":"2025-08-28T16:15:31","guid":{"rendered":"https:\/\/doreytiles.pt\/?post_type=product&#038;p=5741"},"modified":"2025-08-28T20:00:25","modified_gmt":"2025-08-28T20:00:25","slug":"par-de-pias-em-pedra-lioz-sec-xviii","status":"publish","type":"product","link":"https:\/\/doreytiles.pt\/pt-pt\/product\/par-de-pias-em-pedra-lioz-sec-xviii\/","title":{"rendered":"Par de pias em pedra lioz, S\u00e9c. XVIII"},"content":{"rendered":"<p>Per\u00edodo: S\u00e9culo XVIII<\/p>\n<p>&nbsp;<\/p>\n<p>Dimens\u00f5es: 40 x 50 cm (a confirmar)<\/p>\n<p>&nbsp;<\/p>\n<p>Par de pias em pedra lioz do s\u00e9culo XVIII. Usadas sobretudo em espa\u00e7os religiosos.<\/p>\n","protected":false},"excerpt":{"rendered":"<p>Per\u00edodo: S\u00e9culo XVIII &nbsp; Dimens\u00f5es: 40 x 50 cm (a confirmar) &nbsp; Par de pias em pedra lioz do s\u00e9culo XVIII. Usadas sobretudo em espa\u00e7os religiosos.<\/p>\n","protected":false},"featured_media":5666,"template":"","meta":{"_acf_changed":false},"product_brand":[],"product_cat":[47,42],"product_tag":[60],"class_list":{"0":"post-5741","1":"product","2":"type-product","3":"status-publish","4":"has-post-thumbnail","6":"product_cat-xviii","7":"product_cat-42","8":"product_tag-pedras","10":"first","11":"instock","12":"shipping-taxable","13":"product-type-simple"},"acf":[],"_links":{"self":[{"href":"https:\/\/doreytiles.pt\/pt-pt\/wp-json\/wp\/v2\/product\/5741","targetHints":{"allow":["GET"]}}],"collection":[{"href":"https:\/\/doreytiles.pt\/pt-pt\/wp-json\/wp\/v2\/product"}],"about":[{"href":"https:\/\/doreytiles.pt\/pt-pt\/wp-json\/wp\/v2\/types\/product"}],"wp:featuredmedia":[{"embeddable":true,"href":"https:\/\/doreytiles.pt\/pt-pt\/wp-json\/wp\/v2\/media\/5666"}],"wp:attachment":[{"href":"https:\/\/doreytiles.pt\/pt-pt\/wp-json\/wp\/v2\/media?parent=5741"}],"wp:term":[{"taxonomy":"product_brand","embeddable":true,"href":"https:\/\/doreytiles.pt\/pt-pt\/wp-json\/wp\/v2\/product_brand?post=5741"},{"taxonomy":"product_cat","embeddable":true,"href":"https:\/\/doreytiles.pt\/pt-pt\/wp-json\/wp\/v2\/product_cat?post=5741"},{"taxonomy":"product_tag","embeddable":true,"href":"https:\/\/doreytiles.pt\/pt-pt\/wp-json\/wp\/v2\/product_tag?post=5741"}],"curies":[{"name":"wp","href":"https:\/\/api.w.org\/{rel}","templated":true}]}}